{"id":230,"date":"2020-03-26T14:44:01","date_gmt":"2020-03-26T12:44:01","guid":{"rendered":"http:\/\/nordblast.sslwebhosting.eu\/fi\/?post_type=product&#038;p=230"},"modified":"2026-04-16T15:21:12","modified_gmt":"2026-04-16T12:21:12","slug":"nordblast-alumiinioksidi-25kg","status":"publish","type":"product","link":"https:\/\/www.nordblastshop.com\/fi\/tuote\/nordblast-alumiinioksidi-25kg\/","title":{"rendered":"Nordblast Alumiinioksidi, 25kg"},"content":{"rendered":"<p>Hiekkapuhallushiekka (alumiinioksidi). \u00c4\u00e4rimm\u00e4isen kovuutensa, s\u00e4rmikk\u00e4\u00e4n muotonsa ja tehokkaiden hiontaominaisuuksien ansiosta alumiinioksidi on eritt\u00e4in tehokas puhallusaine, joka soveltuu vaikeimpienkin materiaalien puhallukseen.<\/p>\n","protected":false},"excerpt":{"rendered":"<p>Nordblast Alumiinioksidi, 25kg hiekkapuhallushiekka (alumiinioksidi).<\/p>\n","protected":false},"featured_media":44,"comment_status":"open","ping_status":"closed","template":"","meta":[],"product_brand":[],"product_cat":[23],"product_tag":[],"class_list":{"0":"post-230","1":"product","2":"type-product","3":"status-publish","4":"has-post-thumbnail","6":"product_cat-alumiinioksidi","7":"wpbf-post","10":"instock","11":"taxable","12":"shipping-taxable","13":"purchasable","14":"product-type-simple"},"yoast_head":"<!-- This site is optimized with the Yoast SEO plugin v27.4 - https:\/\/yoast.com\/product\/yoast-seo-wordpress\/ -->\n<title>Nordblast Alumiinioksidi, 25kg - Nordblast Shop<\/title>\n<meta name=\"description\" content=\"Nordblast Alumiinioksidi, 25kg Nordblast Alumiinioksidi, 25kg hiekkapuhallushiekka (alumiinioksidi).\" \/>\n<meta name=\"robots\" content=\"index, follow, max-snippet:-1, max-image-preview:large, max-video-preview:-1\" \/>\n<link rel=\"canonical\" href=\"https:\/\/www.nordblastshop.com\/fi\/tuote\/nordblast-alumiinioksidi-25kg\/\" \/>\n<meta property=\"og:locale\" content=\"fi_FI\" \/>\n<meta property=\"og:type\" content=\"article\" \/>\n<meta property=\"og:title\" content=\"Nordblast Alumiinioksidi, 25kg - Nordblast Shop\" \/>\n<meta property=\"og:description\" content=\"Nordblast Alumiinioksidi, 25kg Nordblast Alumiinioksidi, 25kg hiekkapuhallushiekka (alumiinioksidi).\" \/>\n<meta property=\"og:url\" content=\"https:\/\/www.nordblastshop.com\/fi\/tuote\/nordblast-alumiinioksidi-25kg\/\" \/>\n<meta property=\"og:site_name\" content=\"Nordblast Shop\" \/>\n<meta property=\"article:modified_time\" content=\"2026-04-16T12:21:12+00:00\" \/>\n<meta property=\"og:image\" content=\"https:\/\/www.nordblastshop.com\/fi\/wp-content\/uploads\/sites\/2\/2020\/03\/Nordblast-Alumiinioksidi-25kg.jpg\" \/>\n\t<meta property=\"og:image:width\" content=\"900\" \/>\n\t<meta property=\"og:image:height\" content=\"900\" \/>\n\t<meta property=\"og:image:type\" content=\"image\/jpeg\" \/>\n<meta name=\"twitter:card\" content=\"summary_large_image\" \/>\n<meta name=\"twitter:label1\" content=\"Arvioitu lukuaika\" \/>\n\t<meta name=\"twitter:data1\" content=\"1 minuutti\" \/>\n<!-- \/ Yoast SEO plugin. -->","yoast_head_json":{"title":"Nordblast Alumiinioksidi, 25kg - Nordblast Shop","description":"Nordblast Alumiinioksidi, 25kg Nordblast Alumiinioksidi, 25kg hiekkapuhallushiekka (alumiinioksidi).","robots":{"index":"index","follow":"follow","max-snippet":"max-snippet:-1","max-image-preview":"max-image-preview:large","max-video-preview":"max-video-preview:-1"},"canonical":"https:\/\/www.nordblastshop.com\/fi\/tuote\/nordblast-alumiinioksidi-25kg\/","og_locale":"fi_FI","og_type":"article","og_title":"Nordblast Alumiinioksidi, 25kg - Nordblast Shop","og_description":"Nordblast Alumiinioksidi, 25kg Nordblast Alumiinioksidi, 25kg hiekkapuhallushiekka (alumiinioksidi).","og_url":"https:\/\/www.nordblastshop.com\/fi\/tuote\/nordblast-alumiinioksidi-25kg\/","og_site_name":"Nordblast Shop","article_modified_time":"2026-04-16T12:21:12+00:00","og_image":[{"width":900,"height":900,"url":"https:\/\/www.nordblastshop.com\/fi\/wp-content\/uploads\/sites\/2\/2020\/03\/Nordblast-Alumiinioksidi-25kg.jpg","type":"image\/jpeg"}],"twitter_card":"summary_large_image","twitter_misc":{"Arvioitu lukuaika":"1 minuutti"},"schema":{"@context":"https:\/\/schema.org","@graph":[{"@type":"WebPage","@id":"https:\/\/www.nordblastshop.com\/fi\/tuote\/nordblast-alumiinioksidi-25kg\/","url":"https:\/\/www.nordblastshop.com\/fi\/tuote\/nordblast-alumiinioksidi-25kg\/","name":"Nordblast Alumiinioksidi, 25kg - Nordblast Shop","isPartOf":{"@id":"https:\/\/www.nordblastshop.com\/fi\/#website"},"primaryImageOfPage":{"@id":"https:\/\/www.nordblastshop.com\/fi\/tuote\/nordblast-alumiinioksidi-25kg\/#primaryimage"},"image":{"@id":"https:\/\/www.nordblastshop.com\/fi\/tuote\/nordblast-alumiinioksidi-25kg\/#primaryimage"},"thumbnailUrl":"https:\/\/www.nordblastshop.com\/fi\/wp-content\/uploads\/sites\/2\/2020\/03\/Nordblast-Alumiinioksidi-25kg.jpg","datePublished":"2020-03-26T12:44:01+00:00","dateModified":"2026-04-16T12:21:12+00:00","description":"Nordblast Alumiinioksidi, 25kg Nordblast Alumiinioksidi, 25kg hiekkapuhallushiekka (alumiinioksidi).","breadcrumb":{"@id":"https:\/\/www.nordblastshop.com\/fi\/tuote\/nordblast-alumiinioksidi-25kg\/#breadcrumb"},"inLanguage":"fi","potentialAction":[{"@type":"ReadAction","target":["https:\/\/www.nordblastshop.com\/fi\/tuote\/nordblast-alumiinioksidi-25kg\/"]}]},{"@type":"ImageObject","inLanguage":"fi","@id":"https:\/\/www.nordblastshop.com\/fi\/tuote\/nordblast-alumiinioksidi-25kg\/#primaryimage","url":"https:\/\/www.nordblastshop.com\/fi\/wp-content\/uploads\/sites\/2\/2020\/03\/Nordblast-Alumiinioksidi-25kg.jpg","contentUrl":"https:\/\/www.nordblastshop.com\/fi\/wp-content\/uploads\/sites\/2\/2020\/03\/Nordblast-Alumiinioksidi-25kg.jpg","width":900,"height":900,"caption":"Nordblast Alumiinioksidi, 25kg"},{"@type":"BreadcrumbList","@id":"https:\/\/www.nordblastshop.com\/fi\/tuote\/nordblast-alumiinioksidi-25kg\/#breadcrumb","itemListElement":[{"@type":"ListItem","position":1,"name":"Home","item":"https:\/\/www.nordblastshop.com\/fi\/"},{"@type":"ListItem","position":2,"name":"Kauppa","item":"https:\/\/www.nordblastshop.com\/fi\/kauppa\/"},{"@type":"ListItem","position":3,"name":"Nordblast Alumiinioksidi, 25kg"}]},{"@type":"WebSite","@id":"https:\/\/www.nordblastshop.com\/fi\/#website","url":"https:\/\/www.nordblastshop.com\/fi\/","name":"Nordblast Shop","description":"Uusi Nordblastshop-sivustot -sivusto","publisher":{"@id":"https:\/\/www.nordblastshop.com\/fi\/#organization"},"potentialAction":[{"@type":"SearchAction","target":{"@type":"EntryPoint","urlTemplate":"https:\/\/www.nordblastshop.com\/fi\/?s={search_term_string}"},"query-input":{"@type":"PropertyValueSpecification","valueRequired":true,"valueName":"search_term_string"}}],"inLanguage":"fi"},{"@type":"Organization","@id":"https:\/\/www.nordblastshop.com\/fi\/#organization","name":"Nordblast Shop","url":"https:\/\/www.nordblastshop.com\/fi\/","logo":{"@type":"ImageObject","inLanguage":"fi","@id":"https:\/\/www.nordblastshop.com\/fi\/#\/schema\/logo\/image\/","url":"https:\/\/www.nordblastshop.com\/fi\/wp-content\/uploads\/sites\/2\/2020\/03\/Nordblast-logo.png","contentUrl":"https:\/\/www.nordblastshop.com\/fi\/wp-content\/uploads\/sites\/2\/2020\/03\/Nordblast-logo.png","width":315,"height":51,"caption":"Nordblast Shop"},"image":{"@id":"https:\/\/www.nordblastshop.com\/fi\/#\/schema\/logo\/image\/"}}]}},"_links":{"self":[{"href":"https:\/\/www.nordblastshop.com\/fi\/wp-json\/wp\/v2\/product\/230","targetHints":{"allow":["GET"]}}],"collection":[{"href":"https:\/\/www.nordblastshop.com\/fi\/wp-json\/wp\/v2\/product"}],"about":[{"href":"https:\/\/www.nordblastshop.com\/fi\/wp-json\/wp\/v2\/types\/product"}],"replies":[{"embeddable":true,"href":"https:\/\/www.nordblastshop.com\/fi\/wp-json\/wp\/v2\/comments?post=230"}],"wp:featuredmedia":[{"embeddable":true,"href":"https:\/\/www.nordblastshop.com\/fi\/wp-json\/wp\/v2\/media\/44"}],"wp:attachment":[{"href":"https:\/\/www.nordblastshop.com\/fi\/wp-json\/wp\/v2\/media?parent=230"}],"wp:term":[{"taxonomy":"product_brand","embeddable":true,"href":"https:\/\/www.nordblastshop.com\/fi\/wp-json\/wp\/v2\/product_brand?post=230"},{"taxonomy":"product_cat","embeddable":true,"href":"https:\/\/www.nordblastshop.com\/fi\/wp-json\/wp\/v2\/product_cat?post=230"},{"taxonomy":"product_tag","embeddable":true,"href":"https:\/\/www.nordblastshop.com\/fi\/wp-json\/wp\/v2\/product_tag?post=230"}],"curies":[{"name":"wp","href":"https:\/\/api.w.org\/{rel}","templated":true}]}}