{"id":227,"date":"2020-03-26T13:37:27","date_gmt":"2020-03-26T11:37:27","guid":{"rendered":"http:\/\/nordblast.sslwebhosting.eu\/fi\/?post_type=product&#038;p=227"},"modified":"2024-08-31T19:52:54","modified_gmt":"2024-08-31T16:52:54","slug":"nordblast-alumiinioksidi-9kg","status":"publish","type":"product","link":"https:\/\/www.nordblastshop.com\/fi\/tuote\/nordblast-alumiinioksidi-9kg\/","title":{"rendered":"Nordblast Alumiinioksidi, 9kg"},"content":{"rendered":"<p>Hiekkapuhallushiekka (alumiinioksidi). \u00c4\u00e4rimm\u00e4isen kovuutensa, s\u00e4rmikk\u00e4\u00e4n muotonsa ja tehokkaiden hiontaominaisuuksien ansiosta alumiinioksidi on eritt\u00e4in tehokas puhallusaine, joka soveltuu vaikeimpienkin materiaalien puhallukseen.<\/p>\n","protected":false},"excerpt":{"rendered":"<p>Hiekkapuhallushiekka (alumiinioksidi).<\/p>\n","protected":false},"featured_media":43,"comment_status":"open","ping_status":"closed","template":"","meta":[],"product_brand":[],"product_cat":[23],"product_tag":[],"class_list":{"0":"post-227","1":"product","2":"type-product","3":"status-publish","4":"has-post-thumbnail","6":"product_cat-alumiinioksidi","7":"wpbf-post","10":"instock","11":"taxable","12":"shipping-taxable","13":"purchasable","14":"product-type-simple"},"yoast_head":"<!-- This site is optimized with the Yoast SEO plugin v27.4 - https:\/\/yoast.com\/product\/yoast-seo-wordpress\/ -->\n<title>Nordblast Alumiinioksidi, 9kg - Nordblast Shop<\/title>\n<meta name=\"description\" content=\"Nordblast Alumiinioksidi, 9kg Hiekkapuhallushiekka (alumiinioksidi).\" \/>\n<meta name=\"robots\" content=\"index, follow, max-snippet:-1, max-image-preview:large, max-video-preview:-1\" \/>\n<link rel=\"canonical\" href=\"https:\/\/www.nordblastshop.com\/fi\/tuote\/nordblast-alumiinioksidi-9kg\/\" \/>\n<meta property=\"og:locale\" content=\"fi_FI\" \/>\n<meta property=\"og:type\" content=\"article\" \/>\n<meta property=\"og:title\" content=\"Nordblast Alumiinioksidi, 9kg - Nordblast Shop\" \/>\n<meta property=\"og:description\" content=\"Nordblast Alumiinioksidi, 9kg Hiekkapuhallushiekka (alumiinioksidi).\" \/>\n<meta property=\"og:url\" content=\"https:\/\/www.nordblastshop.com\/fi\/tuote\/nordblast-alumiinioksidi-9kg\/\" \/>\n<meta property=\"og:site_name\" content=\"Nordblast Shop\" \/>\n<meta property=\"article:modified_time\" content=\"2024-08-31T16:52:54+00:00\" \/>\n<meta property=\"og:image\" content=\"https:\/\/www.nordblastshop.com\/fi\/wp-content\/uploads\/sites\/2\/2020\/03\/Nordblast-alumiinioksidi-9kg.jpg\" \/>\n\t<meta property=\"og:image:width\" content=\"800\" \/>\n\t<meta property=\"og:image:height\" content=\"800\" \/>\n\t<meta property=\"og:image:type\" content=\"image\/jpeg\" \/>\n<meta name=\"twitter:card\" content=\"summary_large_image\" \/>\n<!-- \/ Yoast SEO plugin. -->","yoast_head_json":{"title":"Nordblast Alumiinioksidi, 9kg - Nordblast Shop","description":"Nordblast Alumiinioksidi, 9kg Hiekkapuhallushiekka (alumiinioksidi).","robots":{"index":"index","follow":"follow","max-snippet":"max-snippet:-1","max-image-preview":"max-image-preview:large","max-video-preview":"max-video-preview:-1"},"canonical":"https:\/\/www.nordblastshop.com\/fi\/tuote\/nordblast-alumiinioksidi-9kg\/","og_locale":"fi_FI","og_type":"article","og_title":"Nordblast Alumiinioksidi, 9kg - Nordblast Shop","og_description":"Nordblast Alumiinioksidi, 9kg Hiekkapuhallushiekka (alumiinioksidi).","og_url":"https:\/\/www.nordblastshop.com\/fi\/tuote\/nordblast-alumiinioksidi-9kg\/","og_site_name":"Nordblast Shop","article_modified_time":"2024-08-31T16:52:54+00:00","og_image":[{"width":800,"height":800,"url":"https:\/\/www.nordblastshop.com\/fi\/wp-content\/uploads\/sites\/2\/2020\/03\/Nordblast-alumiinioksidi-9kg.jpg","type":"image\/jpeg"}],"twitter_card":"summary_large_image","schema":{"@context":"https:\/\/schema.org","@graph":[{"@type":"WebPage","@id":"https:\/\/www.nordblastshop.com\/fi\/tuote\/nordblast-alumiinioksidi-9kg\/","url":"https:\/\/www.nordblastshop.com\/fi\/tuote\/nordblast-alumiinioksidi-9kg\/","name":"Nordblast Alumiinioksidi, 9kg - Nordblast Shop","isPartOf":{"@id":"https:\/\/www.nordblastshop.com\/fi\/#website"},"primaryImageOfPage":{"@id":"https:\/\/www.nordblastshop.com\/fi\/tuote\/nordblast-alumiinioksidi-9kg\/#primaryimage"},"image":{"@id":"https:\/\/www.nordblastshop.com\/fi\/tuote\/nordblast-alumiinioksidi-9kg\/#primaryimage"},"thumbnailUrl":"https:\/\/www.nordblastshop.com\/fi\/wp-content\/uploads\/sites\/2\/2020\/03\/Nordblast-alumiinioksidi-9kg.jpg","datePublished":"2020-03-26T11:37:27+00:00","dateModified":"2024-08-31T16:52:54+00:00","description":"Nordblast Alumiinioksidi, 9kg Hiekkapuhallushiekka (alumiinioksidi).","breadcrumb":{"@id":"https:\/\/www.nordblastshop.com\/fi\/tuote\/nordblast-alumiinioksidi-9kg\/#breadcrumb"},"inLanguage":"fi","potentialAction":[{"@type":"ReadAction","target":["https:\/\/www.nordblastshop.com\/fi\/tuote\/nordblast-alumiinioksidi-9kg\/"]}]},{"@type":"ImageObject","inLanguage":"fi","@id":"https:\/\/www.nordblastshop.com\/fi\/tuote\/nordblast-alumiinioksidi-9kg\/#primaryimage","url":"https:\/\/www.nordblastshop.com\/fi\/wp-content\/uploads\/sites\/2\/2020\/03\/Nordblast-alumiinioksidi-9kg.jpg","contentUrl":"https:\/\/www.nordblastshop.com\/fi\/wp-content\/uploads\/sites\/2\/2020\/03\/Nordblast-alumiinioksidi-9kg.jpg","width":800,"height":800,"caption":"Nordblast Alumiinioksidi, 9kg"},{"@type":"BreadcrumbList","@id":"https:\/\/www.nordblastshop.com\/fi\/tuote\/nordblast-alumiinioksidi-9kg\/#breadcrumb","itemListElement":[{"@type":"ListItem","position":1,"name":"Home","item":"https:\/\/www.nordblastshop.com\/fi\/"},{"@type":"ListItem","position":2,"name":"Kauppa","item":"https:\/\/www.nordblastshop.com\/fi\/kauppa\/"},{"@type":"ListItem","position":3,"name":"Nordblast Alumiinioksidi, 9kg"}]},{"@type":"WebSite","@id":"https:\/\/www.nordblastshop.com\/fi\/#website","url":"https:\/\/www.nordblastshop.com\/fi\/","name":"Nordblast Shop","description":"Uusi Nordblastshop-sivustot -sivusto","publisher":{"@id":"https:\/\/www.nordblastshop.com\/fi\/#organization"},"potentialAction":[{"@type":"SearchAction","target":{"@type":"EntryPoint","urlTemplate":"https:\/\/www.nordblastshop.com\/fi\/?s={search_term_string}"},"query-input":{"@type":"PropertyValueSpecification","valueRequired":true,"valueName":"search_term_string"}}],"inLanguage":"fi"},{"@type":"Organization","@id":"https:\/\/www.nordblastshop.com\/fi\/#organization","name":"Nordblast Shop","url":"https:\/\/www.nordblastshop.com\/fi\/","logo":{"@type":"ImageObject","inLanguage":"fi","@id":"https:\/\/www.nordblastshop.com\/fi\/#\/schema\/logo\/image\/","url":"https:\/\/www.nordblastshop.com\/fi\/wp-content\/uploads\/sites\/2\/2020\/03\/Nordblast-logo.png","contentUrl":"https:\/\/www.nordblastshop.com\/fi\/wp-content\/uploads\/sites\/2\/2020\/03\/Nordblast-logo.png","width":315,"height":51,"caption":"Nordblast Shop"},"image":{"@id":"https:\/\/www.nordblastshop.com\/fi\/#\/schema\/logo\/image\/"}}]}},"_links":{"self":[{"href":"https:\/\/www.nordblastshop.com\/fi\/wp-json\/wp\/v2\/product\/227","targetHints":{"allow":["GET"]}}],"collection":[{"href":"https:\/\/www.nordblastshop.com\/fi\/wp-json\/wp\/v2\/product"}],"about":[{"href":"https:\/\/www.nordblastshop.com\/fi\/wp-json\/wp\/v2\/types\/product"}],"replies":[{"embeddable":true,"href":"https:\/\/www.nordblastshop.com\/fi\/wp-json\/wp\/v2\/comments?post=227"}],"wp:featuredmedia":[{"embeddable":true,"href":"https:\/\/www.nordblastshop.com\/fi\/wp-json\/wp\/v2\/media\/43"}],"wp:attachment":[{"href":"https:\/\/www.nordblastshop.com\/fi\/wp-json\/wp\/v2\/media?parent=227"}],"wp:term":[{"taxonomy":"product_brand","embeddable":true,"href":"https:\/\/www.nordblastshop.com\/fi\/wp-json\/wp\/v2\/product_brand?post=227"},{"taxonomy":"product_cat","embeddable":true,"href":"https:\/\/www.nordblastshop.com\/fi\/wp-json\/wp\/v2\/product_cat?post=227"},{"taxonomy":"product_tag","embeddable":true,"href":"https:\/\/www.nordblastshop.com\/fi\/wp-json\/wp\/v2\/product_tag?post=227"}],"curies":[{"name":"wp","href":"https:\/\/api.w.org\/{rel}","templated":true}]}}