{"id":225,"date":"2020-03-26T11:14:58","date_gmt":"2020-03-26T09:14:58","guid":{"rendered":"http:\/\/nordblast.sslwebhosting.eu\/fi\/?post_type=product&#038;p=225"},"modified":"2024-08-31T19:53:00","modified_gmt":"2024-08-31T16:53:00","slug":"nordblast-nb-28-1-professional","status":"publish","type":"product","link":"https:\/\/www.nordblastshop.com\/fi\/tuote\/nordblast-nb-28-1-professional\/","title":{"rendered":"Nordblast NB 28-1 Professional"},"content":{"rendered":"<p>Nordblast NB 28-1 Professional soodapuhalluslaite on suunniteltu k\u00e4ytt\u00f6kohteisiin, joissa tarvitaan hell\u00e4varaista maalien ja ep\u00e4puhtauksien poistoa.<\/p>\n<p>Suomessa valmistettu NB 28-1 on tehty laadukkaista ammattik\u00e4yttt\u00f6\u00f6n tarkoitetuista komponenteista ja sen suunnittelussa on kiinnitetty erityist\u00e4 huomiota k\u00e4ytt\u00f6mukavuuteen.<\/p>\n<p>NB 28-1 on valmistettu painelaiteasetuksen mukaan ja laitteelle on my\u00f6nnetty CE-hyv\u00e4ksynt\u00e4 merkiksi EU:n lains\u00e4\u00e4d\u00e4nn\u00f6n turvallisuusvaatimusten t\u00e4ytt\u00e4misest\u00e4.<\/p>\n<p>K\u00e4ytt\u00f6kohteita ovat esimerkiksi kiinteist\u00f6jen julkisivuty\u00f6t, autojen kority\u00f6t, veneiden pohjaty\u00f6t, restaurointity\u00f6t, vahinkosaneeraukset sek\u00e4 teollisuuden puhdistukset.<\/p>\n<p>Puhallusvalmis toimitus sis\u00e4lt\u00e4\u00e4: NB 28-1 laitteen, puhallus- ja tuloilmaletkun liittimineen, 8mm suuttimen ja t\u00e4ytt\u00f6suppilon.<\/p>\n<p><strong>Ominaisuudet<\/strong><\/p>\n<ul>\n<li>Tarkka puhalteen m\u00e4\u00e4r\u00e4n s\u00e4\u00e4t\u00f6.<\/li>\n<li>Kauko-ohjaushallinta puhallukselle ja puhalteen m\u00e4\u00e4r\u00e4lle.<\/li>\n<li>Integroitu ilmankuivain ja vedenerotin.<\/li>\n<li>Kompakti koko.<\/li>\n<li>T\u00e4rytin.<\/li>\n<li>Valmistettu haponkest\u00e4vist\u00e4 ter\u00e4sosista.<\/li>\n<li>Vesipumppu m\u00e4rk\u00e4puhallukseen.<\/li>\n<li>Puhalluskyp\u00e4r\u00e4n ilmal\u00e4ht\u00f6.<\/li>\n<li>Nostolenkit.<\/li>\n<li>Useamman puhalteen k\u00e4ytt\u00f6 kuten: Sooda, lasikuula, hiekka, maissi.<\/li>\n<\/ul>\n<p><strong>Tekniset tiedot<\/strong><\/p>\n<ul>\n<li>S\u00e4ili\u00f6n koko 28 litraa<\/li>\n<li>Paino 70 kg<\/li>\n<li>Kompressoritarve: Minimi 5M3 \/min. Suositus 5-10M3 \/ min.<\/li>\n<li>K\u00e4ytt\u00f6paine 1-7 bar.<\/li>\n<li>Letkujen pituudet: Tuloilmanletku 10m, puhallusletku 15m.<\/li>\n<\/ul>\n","protected":false},"excerpt":{"rendered":"<p>Nordblast NB 28-1 Professional soodapuhalluslaite on suunniteltu k\u00e4ytt\u00f6kohteisiin, joissa tarvitaan hell\u00e4varaista maalien ja ep\u00e4puhtauksien poistoa.<\/p>\n<p>Toimitusaika 6-8 viikkkoa.<\/p>\n","protected":false},"featured_media":47,"comment_status":"open","ping_status":"closed","template":"","meta":[],"product_brand":[],"product_cat":[29],"product_tag":[],"class_list":{"0":"post-225","1":"product","2":"type-product","3":"status-publish","4":"has-post-thumbnail","6":"product_cat-nb28","7":"wpbf-post","10":"onbackorder","11":"taxable","12":"shipping-taxable","13":"purchasable","14":"product-type-simple"},"yoast_head":"<!-- This site is optimized with the Yoast SEO plugin v27.4 - https:\/\/yoast.com\/product\/yoast-seo-wordpress\/ -->\n<title>Nordblast NB 28-1 Professional - Nordblast Shop<\/title>\n<meta name=\"description\" content=\"Nordblast NB 28-1 Professional soodapuhalluslaite on suunniteltu k\u00e4ytt\u00f6kohteisiin, joissa tarvitaan hell\u00e4varaista maalien ja ep\u00e4puhtauksien poistoa.\" \/>\n<meta name=\"robots\" content=\"index, follow, max-snippet:-1, max-image-preview:large, max-video-preview:-1\" \/>\n<link rel=\"canonical\" href=\"https:\/\/www.nordblastshop.com\/fi\/tuote\/nordblast-nb-28-1-professional\/\" \/>\n<meta property=\"og:locale\" content=\"fi_FI\" \/>\n<meta property=\"og:type\" content=\"article\" \/>\n<meta property=\"og:title\" content=\"Nordblast NB 28-1 Professional - Nordblast Shop\" \/>\n<meta property=\"og:description\" content=\"Nordblast NB 28-1 Professional soodapuhalluslaite on suunniteltu k\u00e4ytt\u00f6kohteisiin, joissa tarvitaan hell\u00e4varaista maalien ja ep\u00e4puhtauksien poistoa.\" \/>\n<meta property=\"og:url\" content=\"https:\/\/www.nordblastshop.com\/fi\/tuote\/nordblast-nb-28-1-professional\/\" \/>\n<meta property=\"og:site_name\" content=\"Nordblast Shop\" \/>\n<meta property=\"article:modified_time\" content=\"2024-08-31T16:53:00+00:00\" \/>\n<meta property=\"og:image\" content=\"https:\/\/www.nordblastshop.com\/fi\/wp-content\/uploads\/sites\/2\/2020\/03\/Nordblast-nb28-1-professional.jpg\" \/>\n\t<meta property=\"og:image:width\" content=\"612\" \/>\n\t<meta property=\"og:image:height\" content=\"600\" \/>\n\t<meta property=\"og:image:type\" content=\"image\/jpeg\" \/>\n<meta name=\"twitter:card\" content=\"summary_large_image\" \/>\n<meta name=\"twitter:label1\" content=\"Arvioitu lukuaika\" \/>\n\t<meta name=\"twitter:data1\" content=\"1 minuutti\" \/>\n<!-- \/ Yoast SEO plugin. -->","yoast_head_json":{"title":"Nordblast NB 28-1 Professional - Nordblast Shop","description":"Nordblast NB 28-1 Professional soodapuhalluslaite on suunniteltu k\u00e4ytt\u00f6kohteisiin, joissa tarvitaan hell\u00e4varaista maalien ja ep\u00e4puhtauksien poistoa.","robots":{"index":"index","follow":"follow","max-snippet":"max-snippet:-1","max-image-preview":"max-image-preview:large","max-video-preview":"max-video-preview:-1"},"canonical":"https:\/\/www.nordblastshop.com\/fi\/tuote\/nordblast-nb-28-1-professional\/","og_locale":"fi_FI","og_type":"article","og_title":"Nordblast NB 28-1 Professional - Nordblast Shop","og_description":"Nordblast NB 28-1 Professional soodapuhalluslaite on suunniteltu k\u00e4ytt\u00f6kohteisiin, joissa tarvitaan hell\u00e4varaista maalien ja ep\u00e4puhtauksien poistoa.","og_url":"https:\/\/www.nordblastshop.com\/fi\/tuote\/nordblast-nb-28-1-professional\/","og_site_name":"Nordblast Shop","article_modified_time":"2024-08-31T16:53:00+00:00","og_image":[{"width":612,"height":600,"url":"https:\/\/www.nordblastshop.com\/fi\/wp-content\/uploads\/sites\/2\/2020\/03\/Nordblast-nb28-1-professional.jpg","type":"image\/jpeg"}],"twitter_card":"summary_large_image","twitter_misc":{"Arvioitu lukuaika":"1 minuutti"},"schema":{"@context":"https:\/\/schema.org","@graph":[{"@type":"WebPage","@id":"https:\/\/www.nordblastshop.com\/fi\/tuote\/nordblast-nb-28-1-professional\/","url":"https:\/\/www.nordblastshop.com\/fi\/tuote\/nordblast-nb-28-1-professional\/","name":"Nordblast NB 28-1 Professional - Nordblast Shop","isPartOf":{"@id":"https:\/\/www.nordblastshop.com\/fi\/#website"},"primaryImageOfPage":{"@id":"https:\/\/www.nordblastshop.com\/fi\/tuote\/nordblast-nb-28-1-professional\/#primaryimage"},"image":{"@id":"https:\/\/www.nordblastshop.com\/fi\/tuote\/nordblast-nb-28-1-professional\/#primaryimage"},"thumbnailUrl":"https:\/\/www.nordblastshop.com\/fi\/wp-content\/uploads\/sites\/2\/2020\/03\/Nordblast-nb28-1-professional.jpg","datePublished":"2020-03-26T09:14:58+00:00","dateModified":"2024-08-31T16:53:00+00:00","description":"Nordblast NB 28-1 Professional soodapuhalluslaite on suunniteltu k\u00e4ytt\u00f6kohteisiin, joissa tarvitaan hell\u00e4varaista maalien ja ep\u00e4puhtauksien poistoa.","breadcrumb":{"@id":"https:\/\/www.nordblastshop.com\/fi\/tuote\/nordblast-nb-28-1-professional\/#breadcrumb"},"inLanguage":"fi","potentialAction":[{"@type":"ReadAction","target":["https:\/\/www.nordblastshop.com\/fi\/tuote\/nordblast-nb-28-1-professional\/"]}]},{"@type":"ImageObject","inLanguage":"fi","@id":"https:\/\/www.nordblastshop.com\/fi\/tuote\/nordblast-nb-28-1-professional\/#primaryimage","url":"https:\/\/www.nordblastshop.com\/fi\/wp-content\/uploads\/sites\/2\/2020\/03\/Nordblast-nb28-1-professional.jpg","contentUrl":"https:\/\/www.nordblastshop.com\/fi\/wp-content\/uploads\/sites\/2\/2020\/03\/Nordblast-nb28-1-professional.jpg","width":612,"height":600,"caption":"Nordblast NB 28-1 Professional"},{"@type":"BreadcrumbList","@id":"https:\/\/www.nordblastshop.com\/fi\/tuote\/nordblast-nb-28-1-professional\/#breadcrumb","itemListElement":[{"@type":"ListItem","position":1,"name":"Home","item":"https:\/\/www.nordblastshop.com\/fi\/"},{"@type":"ListItem","position":2,"name":"Kauppa","item":"https:\/\/www.nordblastshop.com\/fi\/kauppa\/"},{"@type":"ListItem","position":3,"name":"Nordblast NB 28-1 Professional"}]},{"@type":"WebSite","@id":"https:\/\/www.nordblastshop.com\/fi\/#website","url":"https:\/\/www.nordblastshop.com\/fi\/","name":"Nordblast Shop","description":"Uusi Nordblastshop-sivustot -sivusto","publisher":{"@id":"https:\/\/www.nordblastshop.com\/fi\/#organization"},"potentialAction":[{"@type":"SearchAction","target":{"@type":"EntryPoint","urlTemplate":"https:\/\/www.nordblastshop.com\/fi\/?s={search_term_string}"},"query-input":{"@type":"PropertyValueSpecification","valueRequired":true,"valueName":"search_term_string"}}],"inLanguage":"fi"},{"@type":"Organization","@id":"https:\/\/www.nordblastshop.com\/fi\/#organization","name":"Nordblast Shop","url":"https:\/\/www.nordblastshop.com\/fi\/","logo":{"@type":"ImageObject","inLanguage":"fi","@id":"https:\/\/www.nordblastshop.com\/fi\/#\/schema\/logo\/image\/","url":"https:\/\/www.nordblastshop.com\/fi\/wp-content\/uploads\/sites\/2\/2020\/03\/Nordblast-logo.png","contentUrl":"https:\/\/www.nordblastshop.com\/fi\/wp-content\/uploads\/sites\/2\/2020\/03\/Nordblast-logo.png","width":315,"height":51,"caption":"Nordblast Shop"},"image":{"@id":"https:\/\/www.nordblastshop.com\/fi\/#\/schema\/logo\/image\/"}}]}},"_links":{"self":[{"href":"https:\/\/www.nordblastshop.com\/fi\/wp-json\/wp\/v2\/product\/225","targetHints":{"allow":["GET"]}}],"collection":[{"href":"https:\/\/www.nordblastshop.com\/fi\/wp-json\/wp\/v2\/product"}],"about":[{"href":"https:\/\/www.nordblastshop.com\/fi\/wp-json\/wp\/v2\/types\/product"}],"replies":[{"embeddable":true,"href":"https:\/\/www.nordblastshop.com\/fi\/wp-json\/wp\/v2\/comments?post=225"}],"wp:featuredmedia":[{"embeddable":true,"href":"https:\/\/www.nordblastshop.com\/fi\/wp-json\/wp\/v2\/media\/47"}],"wp:attachment":[{"href":"https:\/\/www.nordblastshop.com\/fi\/wp-json\/wp\/v2\/media?parent=225"}],"wp:term":[{"taxonomy":"product_brand","embeddable":true,"href":"https:\/\/www.nordblastshop.com\/fi\/wp-json\/wp\/v2\/product_brand?post=225"},{"taxonomy":"product_cat","embeddable":true,"href":"https:\/\/www.nordblastshop.com\/fi\/wp-json\/wp\/v2\/product_cat?post=225"},{"taxonomy":"product_tag","embeddable":true,"href":"https:\/\/www.nordblastshop.com\/fi\/wp-json\/wp\/v2\/product_tag?post=225"}],"curies":[{"name":"wp","href":"https:\/\/api.w.org\/{rel}","templated":true}]}}