{"id":219,"date":"2020-03-26T09:15:03","date_gmt":"2020-03-26T07:15:03","guid":{"rendered":"http:\/\/nordblast.sslwebhosting.eu\/fi\/?post_type=product&#038;p=219"},"modified":"2025-04-11T00:47:37","modified_gmt":"2025-04-10T21:47:37","slug":"nordblast-nb-28-2-lite","status":"publish","type":"product","link":"https:\/\/www.nordblastshop.com\/fi\/tuote\/nordblast-nb-28-2-lite\/","title":{"rendered":"Nordblast NB 28-2"},"content":{"rendered":"<p>Nordblast NB 28-2 soodapuhalluslaite on suunniteltu kevyemp\u00e4\u00e4n ammattik\u00e4ytt\u00f6\u00f6n. Laite on tehty kest\u00e4v\u00e4ksi ja helpoksi k\u00e4sitell\u00e4. Todella pieni puhalteen kulutus, toimintavarmuus ja keveys takaavat kustannustehokkaan ty\u00f6skentelyn.<\/p>\n<p>NB 28-2 soodapuhalluslaite on valmistettu painelaiteasetuksen mukaan ja laitteelle on my\u00f6nnetty CE-hyv\u00e4ksynt\u00e4 merkiksi EU:n lains\u00e4\u00e4d\u00e4nn\u00f6n turvallisuusvaatimusten t\u00e4ytt\u00e4misest\u00e4.<\/p>\n<p>Mahdollisia k\u00e4ytt\u00f6kohteita ovat kiinteist\u00f6jen julkisivuty\u00f6t, autojen kority\u00f6t, veneiden pohjaty\u00f6t, restaurointity\u00f6t, vahinkosaneeraukset ja teollisuuden puhdistukset.<\/p>\n<p>Puhallusvalmis toimitus sis\u00e4lt\u00e4\u00e4: NB 28-2 soodapuhalluslaitteen, puhallus- ja tuloilmaletkunliittimineen, 8mm suuttimen ja t\u00e4ytt\u00f6suppilon.<\/p>\n<p><strong>Ominaisuudet<\/strong><\/p>\n<ul>\n<li>Manuaalinen puhalteen m\u00e4\u00e4r\u00e4n s\u00e4\u00e4t\u00f6<\/li>\n<li>T\u00e4rytin<\/li>\n<li>Tarkka paineens\u00e4\u00e4t\u00f6 erikseen s\u00e4ili\u00f6lle ja puhalluspaineelle<\/li>\n<li>Tehty ruostumattomasta ter\u00e4ksest\u00e4<\/li>\n<li>Suojattu rakenne<\/li>\n<li>Kovat kumipy\u00f6r\u00e4t<\/li>\n<li>Kompaktin kokoinen ja eritt\u00e4in kevyt<\/li>\n<li>Paineilmatoiminen<\/li>\n<li>S\u00e4ili\u00f6n t\u00e4ytt\u00f6\u00e4 helpottava muotoiltu suppilo<\/li>\n<\/ul>\n<p><strong>Lis\u00e4varusteet<\/strong><\/p>\n<ul>\n<li>Vedenerotin<\/li>\n<li>Kuivain<\/li>\n<\/ul>\n<p><strong>Tekniset tiedot<\/strong><\/p>\n<ul>\n<li>S\u00e4ili\u00f6n koko 28 litraa<\/li>\n<li>Paino 40 kg<\/li>\n<li>Komressorintarve: Minimi 3M3. Suositus 5-10M3<\/li>\n<li>K\u00e4ytt\u00f6paine 1-7 bar.<\/li>\n<li>Letkujen pituudet: Tuloilmaletku 10m, puhallusletku 15m<\/li>\n<li>Ei tarvitse s\u00e4hk\u00f6\u00e4<\/li>\n<\/ul>\n","protected":false},"excerpt":{"rendered":"<p>Nordblast NB 28-2 soodapuhalluslaite on suunniteltu kevyemp\u00e4\u00e4n ammattik\u00e4ytt\u00f6\u00f6n. Laite on tehty kest\u00e4v\u00e4ksi ja helpoksi k\u00e4sitell\u00e4.<\/p>\n<p>Toimitusaika 6-8 viikkoa.<\/p>\n","protected":false},"featured_media":48,"comment_status":"open","ping_status":"closed","template":"","meta":[],"product_brand":[],"product_cat":[29],"product_tag":[],"class_list":{"0":"post-219","1":"product","2":"type-product","3":"status-publish","4":"has-post-thumbnail","6":"product_cat-nb28","7":"wpbf-post","10":"onbackorder","11":"taxable","12":"shipping-taxable","13":"purchasable","14":"product-type-simple"},"yoast_head":"<!-- This site is optimized with the Yoast SEO plugin v27.5 - https:\/\/yoast.com\/product\/yoast-seo-wordpress\/ -->\n<title>Nordblast NB 28-2 - Nordblast Shop<\/title>\n<meta name=\"description\" content=\"Nordblast NB 28-2 soodapuhalluslaite on suunniteltu kevyemp\u00e4\u00e4n ammattik\u00e4ytt\u00f6\u00f6n. Laite on tehty kest\u00e4v\u00e4ksi ja helpoksi k\u00e4sitell\u00e4.\" \/>\n<meta name=\"robots\" content=\"index, follow, max-snippet:-1, max-image-preview:large, max-video-preview:-1\" \/>\n<link rel=\"canonical\" href=\"https:\/\/www.nordblastshop.com\/fi\/tuote\/nordblast-nb-28-2-lite\/\" \/>\n<meta property=\"og:locale\" content=\"fi_FI\" \/>\n<meta property=\"og:type\" content=\"article\" \/>\n<meta property=\"og:title\" content=\"Nordblast NB 28-2 - Nordblast Shop\" \/>\n<meta property=\"og:description\" content=\"Nordblast NB 28-2 soodapuhalluslaite on suunniteltu kevyemp\u00e4\u00e4n ammattik\u00e4ytt\u00f6\u00f6n. Laite on tehty kest\u00e4v\u00e4ksi ja helpoksi k\u00e4sitell\u00e4.\" \/>\n<meta property=\"og:url\" content=\"https:\/\/www.nordblastshop.com\/fi\/tuote\/nordblast-nb-28-2-lite\/\" \/>\n<meta property=\"og:site_name\" content=\"Nordblast Shop\" \/>\n<meta property=\"article:modified_time\" content=\"2025-04-10T21:47:37+00:00\" \/>\n<meta property=\"og:image\" content=\"https:\/\/www.nordblastshop.com\/fi\/wp-content\/uploads\/sites\/2\/2020\/03\/Nordblast-nb28-2-lite.jpg\" \/>\n\t<meta property=\"og:image:width\" content=\"613\" \/>\n\t<meta property=\"og:image:height\" content=\"600\" \/>\n\t<meta property=\"og:image:type\" content=\"image\/jpeg\" \/>\n<meta name=\"twitter:card\" content=\"summary_large_image\" \/>\n<meta name=\"twitter:label1\" content=\"Arvioitu lukuaika\" \/>\n\t<meta name=\"twitter:data1\" content=\"1 minuutti\" \/>\n<!-- \/ Yoast SEO plugin. -->","yoast_head_json":{"title":"Nordblast NB 28-2 - Nordblast Shop","description":"Nordblast NB 28-2 soodapuhalluslaite on suunniteltu kevyemp\u00e4\u00e4n ammattik\u00e4ytt\u00f6\u00f6n. Laite on tehty kest\u00e4v\u00e4ksi ja helpoksi k\u00e4sitell\u00e4.","robots":{"index":"index","follow":"follow","max-snippet":"max-snippet:-1","max-image-preview":"max-image-preview:large","max-video-preview":"max-video-preview:-1"},"canonical":"https:\/\/www.nordblastshop.com\/fi\/tuote\/nordblast-nb-28-2-lite\/","og_locale":"fi_FI","og_type":"article","og_title":"Nordblast NB 28-2 - Nordblast Shop","og_description":"Nordblast NB 28-2 soodapuhalluslaite on suunniteltu kevyemp\u00e4\u00e4n ammattik\u00e4ytt\u00f6\u00f6n. Laite on tehty kest\u00e4v\u00e4ksi ja helpoksi k\u00e4sitell\u00e4.","og_url":"https:\/\/www.nordblastshop.com\/fi\/tuote\/nordblast-nb-28-2-lite\/","og_site_name":"Nordblast Shop","article_modified_time":"2025-04-10T21:47:37+00:00","og_image":[{"width":613,"height":600,"url":"https:\/\/www.nordblastshop.com\/fi\/wp-content\/uploads\/sites\/2\/2020\/03\/Nordblast-nb28-2-lite.jpg","type":"image\/jpeg"}],"twitter_card":"summary_large_image","twitter_misc":{"Arvioitu lukuaika":"1 minuutti"},"schema":{"@context":"https:\/\/schema.org","@graph":[{"@type":"WebPage","@id":"https:\/\/www.nordblastshop.com\/fi\/tuote\/nordblast-nb-28-2-lite\/","url":"https:\/\/www.nordblastshop.com\/fi\/tuote\/nordblast-nb-28-2-lite\/","name":"Nordblast NB 28-2 - Nordblast Shop","isPartOf":{"@id":"https:\/\/www.nordblastshop.com\/fi\/#website"},"primaryImageOfPage":{"@id":"https:\/\/www.nordblastshop.com\/fi\/tuote\/nordblast-nb-28-2-lite\/#primaryimage"},"image":{"@id":"https:\/\/www.nordblastshop.com\/fi\/tuote\/nordblast-nb-28-2-lite\/#primaryimage"},"thumbnailUrl":"https:\/\/www.nordblastshop.com\/fi\/wp-content\/uploads\/sites\/2\/2020\/03\/Nordblast-nb28-2-lite.jpg","datePublished":"2020-03-26T07:15:03+00:00","dateModified":"2025-04-10T21:47:37+00:00","description":"Nordblast NB 28-2 soodapuhalluslaite on suunniteltu kevyemp\u00e4\u00e4n ammattik\u00e4ytt\u00f6\u00f6n. Laite on tehty kest\u00e4v\u00e4ksi ja helpoksi k\u00e4sitell\u00e4.","breadcrumb":{"@id":"https:\/\/www.nordblastshop.com\/fi\/tuote\/nordblast-nb-28-2-lite\/#breadcrumb"},"inLanguage":"fi","potentialAction":[{"@type":"ReadAction","target":["https:\/\/www.nordblastshop.com\/fi\/tuote\/nordblast-nb-28-2-lite\/"]}]},{"@type":"ImageObject","inLanguage":"fi","@id":"https:\/\/www.nordblastshop.com\/fi\/tuote\/nordblast-nb-28-2-lite\/#primaryimage","url":"https:\/\/www.nordblastshop.com\/fi\/wp-content\/uploads\/sites\/2\/2020\/03\/Nordblast-nb28-2-lite.jpg","contentUrl":"https:\/\/www.nordblastshop.com\/fi\/wp-content\/uploads\/sites\/2\/2020\/03\/Nordblast-nb28-2-lite.jpg","width":613,"height":600,"caption":"Nordblast NB 28-2 Lite"},{"@type":"BreadcrumbList","@id":"https:\/\/www.nordblastshop.com\/fi\/tuote\/nordblast-nb-28-2-lite\/#breadcrumb","itemListElement":[{"@type":"ListItem","position":1,"name":"Home","item":"https:\/\/www.nordblastshop.com\/fi\/"},{"@type":"ListItem","position":2,"name":"Kauppa","item":"https:\/\/www.nordblastshop.com\/fi\/kauppa\/"},{"@type":"ListItem","position":3,"name":"Nordblast NB 28-2"}]},{"@type":"WebSite","@id":"https:\/\/www.nordblastshop.com\/fi\/#website","url":"https:\/\/www.nordblastshop.com\/fi\/","name":"Nordblast Shop","description":"Uusi Nordblastshop-sivustot -sivusto","publisher":{"@id":"https:\/\/www.nordblastshop.com\/fi\/#organization"},"potentialAction":[{"@type":"SearchAction","target":{"@type":"EntryPoint","urlTemplate":"https:\/\/www.nordblastshop.com\/fi\/?s={search_term_string}"},"query-input":{"@type":"PropertyValueSpecification","valueRequired":true,"valueName":"search_term_string"}}],"inLanguage":"fi"},{"@type":"Organization","@id":"https:\/\/www.nordblastshop.com\/fi\/#organization","name":"Nordblast Shop","url":"https:\/\/www.nordblastshop.com\/fi\/","logo":{"@type":"ImageObject","inLanguage":"fi","@id":"https:\/\/www.nordblastshop.com\/fi\/#\/schema\/logo\/image\/","url":"https:\/\/www.nordblastshop.com\/fi\/wp-content\/uploads\/sites\/2\/2020\/03\/Nordblast-logo.png","contentUrl":"https:\/\/www.nordblastshop.com\/fi\/wp-content\/uploads\/sites\/2\/2020\/03\/Nordblast-logo.png","width":315,"height":51,"caption":"Nordblast Shop"},"image":{"@id":"https:\/\/www.nordblastshop.com\/fi\/#\/schema\/logo\/image\/"}}]}},"_links":{"self":[{"href":"https:\/\/www.nordblastshop.com\/fi\/wp-json\/wp\/v2\/product\/219","targetHints":{"allow":["GET"]}}],"collection":[{"href":"https:\/\/www.nordblastshop.com\/fi\/wp-json\/wp\/v2\/product"}],"about":[{"href":"https:\/\/www.nordblastshop.com\/fi\/wp-json\/wp\/v2\/types\/product"}],"replies":[{"embeddable":true,"href":"https:\/\/www.nordblastshop.com\/fi\/wp-json\/wp\/v2\/comments?post=219"}],"wp:featuredmedia":[{"embeddable":true,"href":"https:\/\/www.nordblastshop.com\/fi\/wp-json\/wp\/v2\/media\/48"}],"wp:attachment":[{"href":"https:\/\/www.nordblastshop.com\/fi\/wp-json\/wp\/v2\/media?parent=219"}],"wp:term":[{"taxonomy":"product_brand","embeddable":true,"href":"https:\/\/www.nordblastshop.com\/fi\/wp-json\/wp\/v2\/product_brand?post=219"},{"taxonomy":"product_cat","embeddable":true,"href":"https:\/\/www.nordblastshop.com\/fi\/wp-json\/wp\/v2\/product_cat?post=219"},{"taxonomy":"product_tag","embeddable":true,"href":"https:\/\/www.nordblastshop.com\/fi\/wp-json\/wp\/v2\/product_tag?post=219"}],"curies":[{"name":"wp","href":"https:\/\/api.w.org\/{rel}","templated":true}]}}