{"id":188,"date":"2020-03-21T22:52:26","date_gmt":"2020-03-21T20:52:26","guid":{"rendered":"http:\/\/nordblast.sslwebhosting.eu\/fi\/?post_type=product&#038;p=188"},"modified":"2024-08-31T19:53:13","modified_gmt":"2024-08-31T16:53:13","slug":"3m-paineilmasuodatinyksikko-aircare-acu-02","status":"publish","type":"product","link":"https:\/\/www.nordblastshop.com\/fi\/tuote\/3m-paineilmasuodatinyksikko-aircare-acu-02\/","title":{"rendered":"3M Paineilmasuodatinyksikk\u00f6 Aircare, ACU-02"},"content":{"rendered":"<div class=\"std\">3M\u2122 Aircare\u2122 ACU-02 -ilmansuodatinyksik\u00f6t ovat 3-vaiheisia suodattimia, jotka on suunniteltu poistamaan paineilmasta \u00f6ljy, vesi ja kiinte\u00e4t aerosolit sek\u00e4 \u00f6ljyhuuru ja ep\u00e4miellytt\u00e4v\u00e4t hajut. Yksik\u00f6t soveltuvat ruiskupistooleille ja muille paineilmaty\u00f6kaluille, joita voidaan k\u00e4ytt\u00e4\u00e4 my\u00f6s samanaikaisesti hengityksensuojaimen kanssa. Saatavana joko vapaasti seisovana, liikuteltavana jalustamallina ett\u00e4 sein\u00e4asennettavana. L\u00e4ht\u00f6paine voidaan s\u00e4\u00e4t\u00e4\u00e4 laitteen paineens\u00e4\u00e4timen ja painemittarin avulla. Toimitus sis\u00e4lt\u00e4\u00e4 valikoiman kierresovitteita. Saatavana on laaja valikoima paineilman sy\u00f6tt\u00f6letkuja, liittimi\u00e4, jakotukkeja sek\u00e4 muita varusteita k\u00e4ytett\u00e4v\u00e4ksi ilmasuodatinyksik\u00f6n kanssa kunkin k\u00e4ytt\u00f6kohteen mukaisesti.<\/div>\n","protected":false},"excerpt":{"rendered":"<p>0-10 bar paineens\u00e4\u00e4din, jossa painemittari. Esisuodatin \u2013 poistaa \u00f6ljyn, veden ja kiinte\u00e4t aerosolit 5 mikroniin asti. P\u00e4\u00e4suodatin &#8211; poistaa \u00f6ljyn, veden ja kiinte\u00e4t aerosolit 0,01 mikroniin asti. Aktiivihiilisuodatin \u2013 poistaa \u00f6ljyhuurut 0,003 ppm asti sek\u00e4 ep\u00e4miellytt\u00e4v\u00e4t hajut.<\/p>\n","protected":false},"featured_media":14,"comment_status":"open","ping_status":"closed","template":"","meta":[],"product_brand":[],"product_cat":[27],"product_tag":[],"class_list":{"0":"post-188","1":"product","2":"type-product","3":"status-publish","4":"has-post-thumbnail","6":"product_cat-suojavarusteet","7":"wpbf-post","10":"instock","11":"taxable","12":"shipping-taxable","13":"purchasable","14":"product-type-simple"},"yoast_head":"<!-- This site is optimized with the Yoast SEO plugin v27.4 - https:\/\/yoast.com\/product\/yoast-seo-wordpress\/ -->\n<title>3M Paineilmasuodatinyksikk\u00f6 Aircare, ACU-02 - Nordblast Shop<\/title>\n<meta name=\"description\" content=\"3M Paineilmasuodatinyksikk\u00f6 Aircare, ACU-02 0-10 bar paineens\u00e4\u00e4din, jossa painemittari. Esisuodatin \u2013 poistaa \u00f6ljyn, veden ja kiinte\u00e4t aerosolit 5 mikroniin asti. P\u00e4\u00e4suodatin - poistaa \u00f6ljyn, veden ja kiinte\u00e4t aerosolit 0,01 mikroniin asti. Aktiivihiilisuodatin \u2013 poistaa \u00f6ljyhuurut 0,003 ppm asti sek\u00e4 ep\u00e4miellytt\u00e4v\u00e4t hajut.\" \/>\n<meta name=\"robots\" content=\"index, follow, max-snippet:-1, max-image-preview:large, max-video-preview:-1\" \/>\n<link rel=\"canonical\" href=\"https:\/\/www.nordblastshop.com\/fi\/tuote\/3m-paineilmasuodatinyksikko-aircare-acu-02\/\" \/>\n<meta property=\"og:locale\" content=\"fi_FI\" \/>\n<meta property=\"og:type\" content=\"article\" \/>\n<meta property=\"og:title\" content=\"3M Paineilmasuodatinyksikk\u00f6 Aircare, ACU-02 - Nordblast Shop\" \/>\n<meta property=\"og:description\" content=\"3M Paineilmasuodatinyksikk\u00f6 Aircare, ACU-02 0-10 bar paineens\u00e4\u00e4din, jossa painemittari. Esisuodatin \u2013 poistaa \u00f6ljyn, veden ja kiinte\u00e4t aerosolit 5 mikroniin asti. P\u00e4\u00e4suodatin - poistaa \u00f6ljyn, veden ja kiinte\u00e4t aerosolit 0,01 mikroniin asti. Aktiivihiilisuodatin \u2013 poistaa \u00f6ljyhuurut 0,003 ppm asti sek\u00e4 ep\u00e4miellytt\u00e4v\u00e4t hajut.\" \/>\n<meta property=\"og:url\" content=\"https:\/\/www.nordblastshop.com\/fi\/tuote\/3m-paineilmasuodatinyksikko-aircare-acu-02\/\" \/>\n<meta property=\"og:site_name\" content=\"Nordblast Shop\" \/>\n<meta property=\"article:modified_time\" content=\"2024-08-31T16:53:13+00:00\" \/>\n<meta property=\"og:image\" content=\"https:\/\/www.nordblastshop.com\/fi\/wp-content\/uploads\/sites\/2\/2020\/03\/3M-Paineilmasuodatinyksikko-Aircare-ACU-02.jpg\" \/>\n\t<meta property=\"og:image:width\" content=\"600\" \/>\n\t<meta property=\"og:image:height\" content=\"794\" \/>\n\t<meta property=\"og:image:type\" content=\"image\/jpeg\" \/>\n<meta name=\"twitter:card\" content=\"summary_large_image\" \/>\n<!-- \/ Yoast SEO plugin. -->","yoast_head_json":{"title":"3M Paineilmasuodatinyksikk\u00f6 Aircare, ACU-02 - Nordblast Shop","description":"3M Paineilmasuodatinyksikk\u00f6 Aircare, ACU-02 0-10 bar paineens\u00e4\u00e4din, jossa painemittari. Esisuodatin \u2013 poistaa \u00f6ljyn, veden ja kiinte\u00e4t aerosolit 5 mikroniin asti. P\u00e4\u00e4suodatin - poistaa \u00f6ljyn, veden ja kiinte\u00e4t aerosolit 0,01 mikroniin asti. Aktiivihiilisuodatin \u2013 poistaa \u00f6ljyhuurut 0,003 ppm asti sek\u00e4 ep\u00e4miellytt\u00e4v\u00e4t hajut.","robots":{"index":"index","follow":"follow","max-snippet":"max-snippet:-1","max-image-preview":"max-image-preview:large","max-video-preview":"max-video-preview:-1"},"canonical":"https:\/\/www.nordblastshop.com\/fi\/tuote\/3m-paineilmasuodatinyksikko-aircare-acu-02\/","og_locale":"fi_FI","og_type":"article","og_title":"3M Paineilmasuodatinyksikk\u00f6 Aircare, ACU-02 - Nordblast Shop","og_description":"3M Paineilmasuodatinyksikk\u00f6 Aircare, ACU-02 0-10 bar paineens\u00e4\u00e4din, jossa painemittari. Esisuodatin \u2013 poistaa \u00f6ljyn, veden ja kiinte\u00e4t aerosolit 5 mikroniin asti. P\u00e4\u00e4suodatin - poistaa \u00f6ljyn, veden ja kiinte\u00e4t aerosolit 0,01 mikroniin asti. Aktiivihiilisuodatin \u2013 poistaa \u00f6ljyhuurut 0,003 ppm asti sek\u00e4 ep\u00e4miellytt\u00e4v\u00e4t hajut.","og_url":"https:\/\/www.nordblastshop.com\/fi\/tuote\/3m-paineilmasuodatinyksikko-aircare-acu-02\/","og_site_name":"Nordblast Shop","article_modified_time":"2024-08-31T16:53:13+00:00","og_image":[{"width":600,"height":794,"url":"https:\/\/www.nordblastshop.com\/fi\/wp-content\/uploads\/sites\/2\/2020\/03\/3M-Paineilmasuodatinyksikko-Aircare-ACU-02.jpg","type":"image\/jpeg"}],"twitter_card":"summary_large_image","schema":{"@context":"https:\/\/schema.org","@graph":[{"@type":"WebPage","@id":"https:\/\/www.nordblastshop.com\/fi\/tuote\/3m-paineilmasuodatinyksikko-aircare-acu-02\/","url":"https:\/\/www.nordblastshop.com\/fi\/tuote\/3m-paineilmasuodatinyksikko-aircare-acu-02\/","name":"3M Paineilmasuodatinyksikk\u00f6 Aircare, ACU-02 - Nordblast Shop","isPartOf":{"@id":"https:\/\/www.nordblastshop.com\/fi\/#website"},"primaryImageOfPage":{"@id":"https:\/\/www.nordblastshop.com\/fi\/tuote\/3m-paineilmasuodatinyksikko-aircare-acu-02\/#primaryimage"},"image":{"@id":"https:\/\/www.nordblastshop.com\/fi\/tuote\/3m-paineilmasuodatinyksikko-aircare-acu-02\/#primaryimage"},"thumbnailUrl":"https:\/\/www.nordblastshop.com\/fi\/wp-content\/uploads\/sites\/2\/2020\/03\/3M-Paineilmasuodatinyksikko-Aircare-ACU-02.jpg","datePublished":"2020-03-21T20:52:26+00:00","dateModified":"2024-08-31T16:53:13+00:00","description":"3M Paineilmasuodatinyksikk\u00f6 Aircare, ACU-02 0-10 bar paineens\u00e4\u00e4din, jossa painemittari. Esisuodatin \u2013 poistaa \u00f6ljyn, veden ja kiinte\u00e4t aerosolit 5 mikroniin asti. P\u00e4\u00e4suodatin - poistaa \u00f6ljyn, veden ja kiinte\u00e4t aerosolit 0,01 mikroniin asti. Aktiivihiilisuodatin \u2013 poistaa \u00f6ljyhuurut 0,003 ppm asti sek\u00e4 ep\u00e4miellytt\u00e4v\u00e4t hajut.","breadcrumb":{"@id":"https:\/\/www.nordblastshop.com\/fi\/tuote\/3m-paineilmasuodatinyksikko-aircare-acu-02\/#breadcrumb"},"inLanguage":"fi","potentialAction":[{"@type":"ReadAction","target":["https:\/\/www.nordblastshop.com\/fi\/tuote\/3m-paineilmasuodatinyksikko-aircare-acu-02\/"]}]},{"@type":"ImageObject","inLanguage":"fi","@id":"https:\/\/www.nordblastshop.com\/fi\/tuote\/3m-paineilmasuodatinyksikko-aircare-acu-02\/#primaryimage","url":"https:\/\/www.nordblastshop.com\/fi\/wp-content\/uploads\/sites\/2\/2020\/03\/3M-Paineilmasuodatinyksikko-Aircare-ACU-02.jpg","contentUrl":"https:\/\/www.nordblastshop.com\/fi\/wp-content\/uploads\/sites\/2\/2020\/03\/3M-Paineilmasuodatinyksikko-Aircare-ACU-02.jpg","width":600,"height":794,"caption":"3M Paineilmasuodatinyksikk\u00f6 Aircare, ACU-02"},{"@type":"BreadcrumbList","@id":"https:\/\/www.nordblastshop.com\/fi\/tuote\/3m-paineilmasuodatinyksikko-aircare-acu-02\/#breadcrumb","itemListElement":[{"@type":"ListItem","position":1,"name":"Home","item":"https:\/\/www.nordblastshop.com\/fi\/"},{"@type":"ListItem","position":2,"name":"Kauppa","item":"https:\/\/www.nordblastshop.com\/fi\/kauppa\/"},{"@type":"ListItem","position":3,"name":"3M Paineilmasuodatinyksikk\u00f6 Aircare, ACU-02"}]},{"@type":"WebSite","@id":"https:\/\/www.nordblastshop.com\/fi\/#website","url":"https:\/\/www.nordblastshop.com\/fi\/","name":"Nordblast Shop","description":"Uusi Nordblastshop-sivustot -sivusto","publisher":{"@id":"https:\/\/www.nordblastshop.com\/fi\/#organization"},"potentialAction":[{"@type":"SearchAction","target":{"@type":"EntryPoint","urlTemplate":"https:\/\/www.nordblastshop.com\/fi\/?s={search_term_string}"},"query-input":{"@type":"PropertyValueSpecification","valueRequired":true,"valueName":"search_term_string"}}],"inLanguage":"fi"},{"@type":"Organization","@id":"https:\/\/www.nordblastshop.com\/fi\/#organization","name":"Nordblast Shop","url":"https:\/\/www.nordblastshop.com\/fi\/","logo":{"@type":"ImageObject","inLanguage":"fi","@id":"https:\/\/www.nordblastshop.com\/fi\/#\/schema\/logo\/image\/","url":"https:\/\/www.nordblastshop.com\/fi\/wp-content\/uploads\/sites\/2\/2020\/03\/Nordblast-logo.png","contentUrl":"https:\/\/www.nordblastshop.com\/fi\/wp-content\/uploads\/sites\/2\/2020\/03\/Nordblast-logo.png","width":315,"height":51,"caption":"Nordblast Shop"},"image":{"@id":"https:\/\/www.nordblastshop.com\/fi\/#\/schema\/logo\/image\/"}}]}},"_links":{"self":[{"href":"https:\/\/www.nordblastshop.com\/fi\/wp-json\/wp\/v2\/product\/188","targetHints":{"allow":["GET"]}}],"collection":[{"href":"https:\/\/www.nordblastshop.com\/fi\/wp-json\/wp\/v2\/product"}],"about":[{"href":"https:\/\/www.nordblastshop.com\/fi\/wp-json\/wp\/v2\/types\/product"}],"replies":[{"embeddable":true,"href":"https:\/\/www.nordblastshop.com\/fi\/wp-json\/wp\/v2\/comments?post=188"}],"wp:featuredmedia":[{"embeddable":true,"href":"https:\/\/www.nordblastshop.com\/fi\/wp-json\/wp\/v2\/media\/14"}],"wp:attachment":[{"href":"https:\/\/www.nordblastshop.com\/fi\/wp-json\/wp\/v2\/media?parent=188"}],"wp:term":[{"taxonomy":"product_brand","embeddable":true,"href":"https:\/\/www.nordblastshop.com\/fi\/wp-json\/wp\/v2\/product_brand?post=188"},{"taxonomy":"product_cat","embeddable":true,"href":"https:\/\/www.nordblastshop.com\/fi\/wp-json\/wp\/v2\/product_cat?post=188"},{"taxonomy":"product_tag","embeddable":true,"href":"https:\/\/www.nordblastshop.com\/fi\/wp-json\/wp\/v2\/product_tag?post=188"}],"curies":[{"name":"wp","href":"https:\/\/api.w.org\/{rel}","templated":true}]}}