{"id":186,"date":"2020-03-21T22:47:57","date_gmt":"2020-03-21T20:47:57","guid":{"rendered":"http:\/\/nordblast.sslwebhosting.eu\/fi\/?post_type=product&#038;p=186"},"modified":"2024-09-15T14:02:25","modified_gmt":"2024-09-15T11:02:25","slug":"3m-suojakypara-m-406","status":"publish","type":"product","link":"https:\/\/www.nordblastshop.com\/fi\/tuote\/3m-suojakypara-m-406\/","title":{"rendered":"3M Suojakyp\u00e4r\u00e4, M-406"},"content":{"rendered":"<p>Suojakyp\u00e4r\u00e4 hengityksen-, silmien-, kasvojen-, p\u00e4\u00e4nsuojaukseen, lis\u00e4n\u00e4 niskan ja hartioiden suojaus. M-406:ssa on eritt\u00e4in kest\u00e4v\u00e4 hartiasuojus rakennusteollisuuteen ja raskaaseen teollisuuteen. Soveltuu hyvin soodapuhallukseen.<\/p>\n<p><strong>Kauluksen materiaali:<\/strong> Cordura nylon, avattava visiiri.<\/p>\n","protected":false},"excerpt":{"rendered":"<p>Suojakyp\u00e4r\u00e4 hengityksen-, silmien-, kasvojen-, p\u00e4\u00e4nsuojaukseen, lis\u00e4n\u00e4 niskan ja hartioiden suojaus.<\/p>\n","protected":false},"featured_media":15,"comment_status":"open","ping_status":"closed","template":"","meta":[],"product_brand":[],"product_cat":[27],"product_tag":[],"class_list":{"0":"post-186","1":"product","2":"type-product","3":"status-publish","4":"has-post-thumbnail","6":"product_cat-suojavarusteet","7":"wpbf-post","10":"instock","11":"taxable","12":"shipping-taxable","13":"purchasable","14":"product-type-simple"},"yoast_head":"<!-- This site is optimized with the Yoast SEO plugin v27.4 - https:\/\/yoast.com\/product\/yoast-seo-wordpress\/ -->\n<title>3M Suojakyp\u00e4r\u00e4, M-406 - Nordblast Shop<\/title>\n<meta name=\"description\" content=\"3M Suojakyp\u00e4r\u00e4, M-406 Suojakyp\u00e4r\u00e4 hengityksen-, silmien-, kasvojen-, p\u00e4\u00e4nsuojaukseen, lis\u00e4n\u00e4 niskan ja hartioiden suojaus.\" \/>\n<meta name=\"robots\" content=\"index, follow, max-snippet:-1, max-image-preview:large, max-video-preview:-1\" \/>\n<link rel=\"canonical\" href=\"https:\/\/www.nordblastshop.com\/fi\/tuote\/3m-suojakypara-m-406\/\" \/>\n<meta property=\"og:locale\" content=\"fi_FI\" \/>\n<meta property=\"og:type\" content=\"article\" \/>\n<meta property=\"og:title\" content=\"3M Suojakyp\u00e4r\u00e4, M-406 - Nordblast Shop\" \/>\n<meta property=\"og:description\" content=\"3M Suojakyp\u00e4r\u00e4, M-406 Suojakyp\u00e4r\u00e4 hengityksen-, silmien-, kasvojen-, p\u00e4\u00e4nsuojaukseen, lis\u00e4n\u00e4 niskan ja hartioiden suojaus.\" \/>\n<meta property=\"og:url\" content=\"https:\/\/www.nordblastshop.com\/fi\/tuote\/3m-suojakypara-m-406\/\" \/>\n<meta property=\"og:site_name\" content=\"Nordblast Shop\" \/>\n<meta property=\"article:modified_time\" content=\"2024-09-15T11:02:25+00:00\" \/>\n<meta property=\"og:image\" content=\"https:\/\/www.nordblastshop.com\/fi\/wp-content\/uploads\/sites\/2\/2020\/03\/3M-Suojakypara-M-406.png\" \/>\n\t<meta property=\"og:image:width\" content=\"600\" \/>\n\t<meta property=\"og:image:height\" content=\"575\" \/>\n\t<meta property=\"og:image:type\" content=\"image\/png\" \/>\n<meta name=\"twitter:card\" content=\"summary_large_image\" \/>\n<!-- \/ Yoast SEO plugin. -->","yoast_head_json":{"title":"3M Suojakyp\u00e4r\u00e4, M-406 - Nordblast Shop","description":"3M Suojakyp\u00e4r\u00e4, M-406 Suojakyp\u00e4r\u00e4 hengityksen-, silmien-, kasvojen-, p\u00e4\u00e4nsuojaukseen, lis\u00e4n\u00e4 niskan ja hartioiden suojaus.","robots":{"index":"index","follow":"follow","max-snippet":"max-snippet:-1","max-image-preview":"max-image-preview:large","max-video-preview":"max-video-preview:-1"},"canonical":"https:\/\/www.nordblastshop.com\/fi\/tuote\/3m-suojakypara-m-406\/","og_locale":"fi_FI","og_type":"article","og_title":"3M Suojakyp\u00e4r\u00e4, M-406 - Nordblast Shop","og_description":"3M Suojakyp\u00e4r\u00e4, M-406 Suojakyp\u00e4r\u00e4 hengityksen-, silmien-, kasvojen-, p\u00e4\u00e4nsuojaukseen, lis\u00e4n\u00e4 niskan ja hartioiden suojaus.","og_url":"https:\/\/www.nordblastshop.com\/fi\/tuote\/3m-suojakypara-m-406\/","og_site_name":"Nordblast Shop","article_modified_time":"2024-09-15T11:02:25+00:00","og_image":[{"width":600,"height":575,"url":"https:\/\/www.nordblastshop.com\/fi\/wp-content\/uploads\/sites\/2\/2020\/03\/3M-Suojakypara-M-406.png","type":"image\/png"}],"twitter_card":"summary_large_image","schema":{"@context":"https:\/\/schema.org","@graph":[{"@type":"WebPage","@id":"https:\/\/www.nordblastshop.com\/fi\/tuote\/3m-suojakypara-m-406\/","url":"https:\/\/www.nordblastshop.com\/fi\/tuote\/3m-suojakypara-m-406\/","name":"3M Suojakyp\u00e4r\u00e4, M-406 - Nordblast Shop","isPartOf":{"@id":"https:\/\/www.nordblastshop.com\/fi\/#website"},"primaryImageOfPage":{"@id":"https:\/\/www.nordblastshop.com\/fi\/tuote\/3m-suojakypara-m-406\/#primaryimage"},"image":{"@id":"https:\/\/www.nordblastshop.com\/fi\/tuote\/3m-suojakypara-m-406\/#primaryimage"},"thumbnailUrl":"https:\/\/www.nordblastshop.com\/fi\/wp-content\/uploads\/sites\/2\/2020\/03\/3M-Suojakypara-M-406.png","datePublished":"2020-03-21T20:47:57+00:00","dateModified":"2024-09-15T11:02:25+00:00","description":"3M Suojakyp\u00e4r\u00e4, M-406 Suojakyp\u00e4r\u00e4 hengityksen-, silmien-, kasvojen-, p\u00e4\u00e4nsuojaukseen, lis\u00e4n\u00e4 niskan ja hartioiden suojaus.","breadcrumb":{"@id":"https:\/\/www.nordblastshop.com\/fi\/tuote\/3m-suojakypara-m-406\/#breadcrumb"},"inLanguage":"fi","potentialAction":[{"@type":"ReadAction","target":["https:\/\/www.nordblastshop.com\/fi\/tuote\/3m-suojakypara-m-406\/"]}]},{"@type":"ImageObject","inLanguage":"fi","@id":"https:\/\/www.nordblastshop.com\/fi\/tuote\/3m-suojakypara-m-406\/#primaryimage","url":"https:\/\/www.nordblastshop.com\/fi\/wp-content\/uploads\/sites\/2\/2020\/03\/3M-Suojakypara-M-406.png","contentUrl":"https:\/\/www.nordblastshop.com\/fi\/wp-content\/uploads\/sites\/2\/2020\/03\/3M-Suojakypara-M-406.png","width":600,"height":575,"caption":"3M Suojakyp\u00e4r\u00e4, M-406"},{"@type":"BreadcrumbList","@id":"https:\/\/www.nordblastshop.com\/fi\/tuote\/3m-suojakypara-m-406\/#breadcrumb","itemListElement":[{"@type":"ListItem","position":1,"name":"Home","item":"https:\/\/www.nordblastshop.com\/fi\/"},{"@type":"ListItem","position":2,"name":"Kauppa","item":"https:\/\/www.nordblastshop.com\/fi\/kauppa\/"},{"@type":"ListItem","position":3,"name":"3M Suojakyp\u00e4r\u00e4, M-406"}]},{"@type":"WebSite","@id":"https:\/\/www.nordblastshop.com\/fi\/#website","url":"https:\/\/www.nordblastshop.com\/fi\/","name":"Nordblast Shop","description":"Uusi Nordblastshop-sivustot -sivusto","publisher":{"@id":"https:\/\/www.nordblastshop.com\/fi\/#organization"},"potentialAction":[{"@type":"SearchAction","target":{"@type":"EntryPoint","urlTemplate":"https:\/\/www.nordblastshop.com\/fi\/?s={search_term_string}"},"query-input":{"@type":"PropertyValueSpecification","valueRequired":true,"valueName":"search_term_string"}}],"inLanguage":"fi"},{"@type":"Organization","@id":"https:\/\/www.nordblastshop.com\/fi\/#organization","name":"Nordblast Shop","url":"https:\/\/www.nordblastshop.com\/fi\/","logo":{"@type":"ImageObject","inLanguage":"fi","@id":"https:\/\/www.nordblastshop.com\/fi\/#\/schema\/logo\/image\/","url":"https:\/\/www.nordblastshop.com\/fi\/wp-content\/uploads\/sites\/2\/2020\/03\/Nordblast-logo.png","contentUrl":"https:\/\/www.nordblastshop.com\/fi\/wp-content\/uploads\/sites\/2\/2020\/03\/Nordblast-logo.png","width":315,"height":51,"caption":"Nordblast Shop"},"image":{"@id":"https:\/\/www.nordblastshop.com\/fi\/#\/schema\/logo\/image\/"}}]}},"_links":{"self":[{"href":"https:\/\/www.nordblastshop.com\/fi\/wp-json\/wp\/v2\/product\/186","targetHints":{"allow":["GET"]}}],"collection":[{"href":"https:\/\/www.nordblastshop.com\/fi\/wp-json\/wp\/v2\/product"}],"about":[{"href":"https:\/\/www.nordblastshop.com\/fi\/wp-json\/wp\/v2\/types\/product"}],"replies":[{"embeddable":true,"href":"https:\/\/www.nordblastshop.com\/fi\/wp-json\/wp\/v2\/comments?post=186"}],"wp:featuredmedia":[{"embeddable":true,"href":"https:\/\/www.nordblastshop.com\/fi\/wp-json\/wp\/v2\/media\/15"}],"wp:attachment":[{"href":"https:\/\/www.nordblastshop.com\/fi\/wp-json\/wp\/v2\/media?parent=186"}],"wp:term":[{"taxonomy":"product_brand","embeddable":true,"href":"https:\/\/www.nordblastshop.com\/fi\/wp-json\/wp\/v2\/product_brand?post=186"},{"taxonomy":"product_cat","embeddable":true,"href":"https:\/\/www.nordblastshop.com\/fi\/wp-json\/wp\/v2\/product_cat?post=186"},{"taxonomy":"product_tag","embeddable":true,"href":"https:\/\/www.nordblastshop.com\/fi\/wp-json\/wp\/v2\/product_tag?post=186"}],"curies":[{"name":"wp","href":"https:\/\/api.w.org\/{rel}","templated":true}]}}