{"id":171,"date":"2020-03-21T22:22:04","date_gmt":"2020-03-21T20:22:04","guid":{"rendered":"http:\/\/nordblast.sslwebhosting.eu\/fi\/?post_type=product&#038;p=171"},"modified":"2024-10-27T17:22:09","modified_gmt":"2024-10-27T15:22:09","slug":"airflo-puhalluskatkaisija-sahkotoiminen","status":"publish","type":"product","link":"https:\/\/www.nordblastshop.com\/fi\/tuote\/airflo-puhalluskatkaisija-sahkotoiminen\/","title":{"rendered":"AIRFLO Puhalluskatkaisija S\u00e4hk\u00f6toiminen"},"content":{"rendered":"<div class=\"std\">S\u00e4hk\u00f6toiminen puhalluksen p\u00e4\u00e4lle ja pois kytkev\u00e4 kauko-ohjain.<\/div>\n","protected":false},"excerpt":{"rendered":"<div class=\"std\">S\u00e4hk\u00f6toiminen puhalluksen p\u00e4\u00e4lle ja pois kytkev\u00e4 kauko-ohjain.<\/div>\n","protected":false},"featured_media":18,"comment_status":"open","ping_status":"closed","template":"","meta":[],"product_brand":[],"product_cat":[31],"product_tag":[],"class_list":{"0":"post-171","1":"product","2":"type-product","3":"status-publish","4":"has-post-thumbnail","6":"product_cat-varaosat-ja-tarvikkeet","7":"wpbf-post","10":"instock","11":"taxable","12":"shipping-taxable","13":"purchasable","14":"product-type-simple"},"yoast_head":"<!-- This site is optimized with the Yoast SEO plugin v27.4 - https:\/\/yoast.com\/product\/yoast-seo-wordpress\/ -->\n<title>AIRFLO Puhalluskatkaisija S\u00e4hk\u00f6toiminen - Nordblast Shop<\/title>\n<meta name=\"description\" content=\"AIRFLO Puhalluskatkaisija S\u00e4hk\u00f6toiminen S\u00e4hk\u00f6toiminen puhalluksen p\u00e4\u00e4lle ja pois kytkev\u00e4 kauko-ohjain.\" \/>\n<meta name=\"robots\" content=\"index, follow, max-snippet:-1, max-image-preview:large, max-video-preview:-1\" \/>\n<link rel=\"canonical\" href=\"https:\/\/www.nordblastshop.com\/fi\/tuote\/airflo-puhalluskatkaisija-sahkotoiminen\/\" \/>\n<meta property=\"og:locale\" content=\"fi_FI\" \/>\n<meta property=\"og:type\" content=\"article\" \/>\n<meta property=\"og:title\" content=\"AIRFLO Puhalluskatkaisija S\u00e4hk\u00f6toiminen - Nordblast Shop\" \/>\n<meta property=\"og:description\" content=\"AIRFLO Puhalluskatkaisija S\u00e4hk\u00f6toiminen S\u00e4hk\u00f6toiminen puhalluksen p\u00e4\u00e4lle ja pois kytkev\u00e4 kauko-ohjain.\" \/>\n<meta property=\"og:url\" content=\"https:\/\/www.nordblastshop.com\/fi\/tuote\/airflo-puhalluskatkaisija-sahkotoiminen\/\" \/>\n<meta property=\"og:site_name\" content=\"Nordblast Shop\" \/>\n<meta property=\"article:modified_time\" content=\"2024-10-27T15:22:09+00:00\" \/>\n<meta property=\"og:image\" content=\"https:\/\/www.nordblastshop.com\/fi\/wp-content\/uploads\/sites\/2\/2020\/03\/AIRFLO-puhalluskatkaisija-sahkotoiminen.jpg\" \/>\n\t<meta property=\"og:image:width\" content=\"600\" \/>\n\t<meta property=\"og:image:height\" content=\"346\" \/>\n\t<meta property=\"og:image:type\" content=\"image\/jpeg\" \/>\n<meta name=\"twitter:card\" content=\"summary_large_image\" \/>\n<!-- \/ Yoast SEO plugin. -->","yoast_head_json":{"title":"AIRFLO Puhalluskatkaisija S\u00e4hk\u00f6toiminen - Nordblast Shop","description":"AIRFLO Puhalluskatkaisija S\u00e4hk\u00f6toiminen S\u00e4hk\u00f6toiminen puhalluksen p\u00e4\u00e4lle ja pois kytkev\u00e4 kauko-ohjain.","robots":{"index":"index","follow":"follow","max-snippet":"max-snippet:-1","max-image-preview":"max-image-preview:large","max-video-preview":"max-video-preview:-1"},"canonical":"https:\/\/www.nordblastshop.com\/fi\/tuote\/airflo-puhalluskatkaisija-sahkotoiminen\/","og_locale":"fi_FI","og_type":"article","og_title":"AIRFLO Puhalluskatkaisija S\u00e4hk\u00f6toiminen - Nordblast Shop","og_description":"AIRFLO Puhalluskatkaisija S\u00e4hk\u00f6toiminen S\u00e4hk\u00f6toiminen puhalluksen p\u00e4\u00e4lle ja pois kytkev\u00e4 kauko-ohjain.","og_url":"https:\/\/www.nordblastshop.com\/fi\/tuote\/airflo-puhalluskatkaisija-sahkotoiminen\/","og_site_name":"Nordblast Shop","article_modified_time":"2024-10-27T15:22:09+00:00","og_image":[{"width":600,"height":346,"url":"https:\/\/www.nordblastshop.com\/fi\/wp-content\/uploads\/sites\/2\/2020\/03\/AIRFLO-puhalluskatkaisija-sahkotoiminen.jpg","type":"image\/jpeg"}],"twitter_card":"summary_large_image","schema":{"@context":"https:\/\/schema.org","@graph":[{"@type":"WebPage","@id":"https:\/\/www.nordblastshop.com\/fi\/tuote\/airflo-puhalluskatkaisija-sahkotoiminen\/","url":"https:\/\/www.nordblastshop.com\/fi\/tuote\/airflo-puhalluskatkaisija-sahkotoiminen\/","name":"AIRFLO Puhalluskatkaisija S\u00e4hk\u00f6toiminen - Nordblast Shop","isPartOf":{"@id":"https:\/\/www.nordblastshop.com\/fi\/#website"},"primaryImageOfPage":{"@id":"https:\/\/www.nordblastshop.com\/fi\/tuote\/airflo-puhalluskatkaisija-sahkotoiminen\/#primaryimage"},"image":{"@id":"https:\/\/www.nordblastshop.com\/fi\/tuote\/airflo-puhalluskatkaisija-sahkotoiminen\/#primaryimage"},"thumbnailUrl":"https:\/\/www.nordblastshop.com\/fi\/wp-content\/uploads\/sites\/2\/2020\/03\/AIRFLO-puhalluskatkaisija-sahkotoiminen.jpg","datePublished":"2020-03-21T20:22:04+00:00","dateModified":"2024-10-27T15:22:09+00:00","description":"AIRFLO Puhalluskatkaisija S\u00e4hk\u00f6toiminen S\u00e4hk\u00f6toiminen puhalluksen p\u00e4\u00e4lle ja pois kytkev\u00e4 kauko-ohjain.","breadcrumb":{"@id":"https:\/\/www.nordblastshop.com\/fi\/tuote\/airflo-puhalluskatkaisija-sahkotoiminen\/#breadcrumb"},"inLanguage":"fi","potentialAction":[{"@type":"ReadAction","target":["https:\/\/www.nordblastshop.com\/fi\/tuote\/airflo-puhalluskatkaisija-sahkotoiminen\/"]}]},{"@type":"ImageObject","inLanguage":"fi","@id":"https:\/\/www.nordblastshop.com\/fi\/tuote\/airflo-puhalluskatkaisija-sahkotoiminen\/#primaryimage","url":"https:\/\/www.nordblastshop.com\/fi\/wp-content\/uploads\/sites\/2\/2020\/03\/AIRFLO-puhalluskatkaisija-sahkotoiminen.jpg","contentUrl":"https:\/\/www.nordblastshop.com\/fi\/wp-content\/uploads\/sites\/2\/2020\/03\/AIRFLO-puhalluskatkaisija-sahkotoiminen.jpg","width":600,"height":346,"caption":"AIRFLO Puhalluskatkaisija S\u00e4hk\u00f6toiminen"},{"@type":"BreadcrumbList","@id":"https:\/\/www.nordblastshop.com\/fi\/tuote\/airflo-puhalluskatkaisija-sahkotoiminen\/#breadcrumb","itemListElement":[{"@type":"ListItem","position":1,"name":"Home","item":"https:\/\/www.nordblastshop.com\/fi\/"},{"@type":"ListItem","position":2,"name":"Kauppa","item":"https:\/\/www.nordblastshop.com\/fi\/kauppa\/"},{"@type":"ListItem","position":3,"name":"AIRFLO Puhalluskatkaisija S\u00e4hk\u00f6toiminen"}]},{"@type":"WebSite","@id":"https:\/\/www.nordblastshop.com\/fi\/#website","url":"https:\/\/www.nordblastshop.com\/fi\/","name":"Nordblast Shop","description":"Uusi Nordblastshop-sivustot -sivusto","publisher":{"@id":"https:\/\/www.nordblastshop.com\/fi\/#organization"},"potentialAction":[{"@type":"SearchAction","target":{"@type":"EntryPoint","urlTemplate":"https:\/\/www.nordblastshop.com\/fi\/?s={search_term_string}"},"query-input":{"@type":"PropertyValueSpecification","valueRequired":true,"valueName":"search_term_string"}}],"inLanguage":"fi"},{"@type":"Organization","@id":"https:\/\/www.nordblastshop.com\/fi\/#organization","name":"Nordblast Shop","url":"https:\/\/www.nordblastshop.com\/fi\/","logo":{"@type":"ImageObject","inLanguage":"fi","@id":"https:\/\/www.nordblastshop.com\/fi\/#\/schema\/logo\/image\/","url":"https:\/\/www.nordblastshop.com\/fi\/wp-content\/uploads\/sites\/2\/2020\/03\/Nordblast-logo.png","contentUrl":"https:\/\/www.nordblastshop.com\/fi\/wp-content\/uploads\/sites\/2\/2020\/03\/Nordblast-logo.png","width":315,"height":51,"caption":"Nordblast Shop"},"image":{"@id":"https:\/\/www.nordblastshop.com\/fi\/#\/schema\/logo\/image\/"}}]}},"_links":{"self":[{"href":"https:\/\/www.nordblastshop.com\/fi\/wp-json\/wp\/v2\/product\/171","targetHints":{"allow":["GET"]}}],"collection":[{"href":"https:\/\/www.nordblastshop.com\/fi\/wp-json\/wp\/v2\/product"}],"about":[{"href":"https:\/\/www.nordblastshop.com\/fi\/wp-json\/wp\/v2\/types\/product"}],"replies":[{"embeddable":true,"href":"https:\/\/www.nordblastshop.com\/fi\/wp-json\/wp\/v2\/comments?post=171"}],"wp:featuredmedia":[{"embeddable":true,"href":"https:\/\/www.nordblastshop.com\/fi\/wp-json\/wp\/v2\/media\/18"}],"wp:attachment":[{"href":"https:\/\/www.nordblastshop.com\/fi\/wp-json\/wp\/v2\/media?parent=171"}],"wp:term":[{"taxonomy":"product_brand","embeddable":true,"href":"https:\/\/www.nordblastshop.com\/fi\/wp-json\/wp\/v2\/product_brand?post=171"},{"taxonomy":"product_cat","embeddable":true,"href":"https:\/\/www.nordblastshop.com\/fi\/wp-json\/wp\/v2\/product_cat?post=171"},{"taxonomy":"product_tag","embeddable":true,"href":"https:\/\/www.nordblastshop.com\/fi\/wp-json\/wp\/v2\/product_tag?post=171"}],"curies":[{"name":"wp","href":"https:\/\/api.w.org\/{rel}","templated":true}]}}