{"id":142,"date":"2020-03-21T16:19:11","date_gmt":"2020-03-21T14:19:11","guid":{"rendered":"http:\/\/nordblast.sslwebhosting.eu\/fi\/?post_type=product&#038;p=131"},"modified":"2024-08-31T19:54:24","modified_gmt":"2024-08-31T16:54:24","slug":"nb-hobby-soodapuhalluspistooli-nb-cleanblast-puhdistussooda-5kg-nb-glassblast-6kg","status":"publish","type":"product","link":"https:\/\/www.nordblastshop.com\/fi\/tuote\/nb-hobby-soodapuhalluspistooli-nb-cleanblast-puhdistussooda-5kg-nb-glassblast-6kg\/","title":{"rendered":"NB Hobby Soodapuhalluspistooli, NB Cleanblast Puhdistussooda, 5kg &amp; NB Glassblast, 6kg"},"content":{"rendered":"<p><strong>Kokeile ja h\u00e4mm\u00e4sty<\/strong><\/p>\n<p>Soodapuhallus ei vahingoita lasia, kumia, kromia eik\u00e4 l\u00e4mmit\u00e4 ja venyt\u00e4 ohuttakaan peltipintaa. NB Hobby -soodapuhalluspistoolilla pystyt poistamaan maalia, ep\u00e4puhtauksia, hometta ja rasvaa useista kohteista. Sooda on ymp\u00e4rist\u00f6yst\u00e4v\u00e4llinen valinta ja se liukenee veteen, joten j\u00e4lkisiivous on vaivatonta. NB Hobby -soodapuhalluspistoolin k\u00e4ytt\u00f6 on helppoa. Osta NB Hobby -soodapuhalluspistooli ja l\u00f6yd\u00e4 oma k\u00e4ytt\u00f6kohteesi! K\u00e4yt\u00e4 ainoastaan NB Cleanblast- puhdistus- ja puhallussoodaa. Sooda on hyv\u00e4ksi koettu puhdistusaine vuosikymmenien kokemuksen perusteella. Nyt Nordblast Oy on tehnyt sen jokaiselle kuluttajalle mahdolliseksi entist\u00e4 helpompana ja tehokkaampana.<\/p>\n<p><strong>Ajoneuvot<\/strong><\/p>\n<p><img fetchpriority=\"high\" decoding=\"async\" class=\"alignleft size-full wp-image-37\" src=\"https:\/\/www.nordblastshop.com\/fi\/wp-content\/uploads\/sites\/2\/2020\/03\/NBHobby-Soodapuhalluspistooli-auto.jpg\" alt=\"NB Hobby Soodapuhalluspistooli auto\" width=\"280\" height=\"186\" \/><\/p>\n<p>Soodapuhallus on oiva menetelm\u00e4 ajoneuvojen entis\u00f6intiin ja korjaukseen. K\u00e4ytt\u00e4m\u00e4ll\u00e4 NB Hobby -soodapuhalluspistoolia saat poistettua maalit ja ep\u00e4puhtaudet hankalistakin paikoista vahingoittamatta pintaa. Verrattuna perinteisiin puhallusmenetelmiin soodapuhalluksella on useita etuja. Se on menetelm\u00e4n\u00e4 hell\u00e4varainen, ei l\u00e4mmit\u00e4 eik\u00e4 venyt\u00e4 pelti\u00e4, riko lasia, kumia, kromia eik\u00e4 kovia muoveja. Voit esimerkiksi puhdistaa vanhan ajoneuvon kaasuttimen uuden n\u00e4k\u00f6iseksi!<\/p>\n<p>&nbsp;<\/p>\n<p>&nbsp;<\/p>\n<p><strong>Veneet ja Per\u00e4vaunut<\/strong><\/p>\n<p><img decoding=\"async\" class=\"alignright size-full wp-image-41\" src=\"https:\/\/www.nordblastshop.com\/fi\/wp-content\/uploads\/sites\/2\/2020\/03\/NBHobby-Soodapuhalluspistooli-veneet.jpg\" alt=\"NB Hobby Soodapuhalluspistooli vene\" width=\"220\" height=\"180\" \/>NB Home -soodapuhalluspistoolilla saat poistettua kellertym\u00e4t Gel-coatista, pinttym\u00e4t talven j\u00e4ljilt\u00e4, lakat puuosista ja homeen pressuista. Pystyt puhdistamaan veneen moottoritilan rasvasta ja \u00f6ljyst\u00e4 vahingoittamatta s\u00e4hk\u00f6johtoja tai hydrauliikkaa. NB Home soodapuhalluspistoolilla p\u00e4\u00e4set ahtaisiinkin paikkoihin ja pystyt puhdistamaan kohteita, joita on k\u00e4sin vaikea puhdistaa.<\/p>\n<p>&nbsp;<\/p>\n<p><strong>Koti<\/strong><\/p>\n<p><img decoding=\"async\" class=\"alignleft size-full wp-image-38\" src=\"https:\/\/www.nordblastshop.com\/fi\/wp-content\/uploads\/sites\/2\/2020\/03\/NBHobby-Soodapuhalluspistooli-kotiin.jpg\" alt=\"NB Hobby Soodapuhalluspistooli kotiin\" width=\"220\" height=\"180\" \/>NB Hobby -soodapuhalluspistooli on l\u00e4hes pakollinen valinta jokaiseen kotiin! Pystyt puhdistamaan k\u00e4tev\u00e4sti useita kohteita. Grillin, kylpyhuoneen kaakelit, pohjaanpalaneet astiat, sek\u00e4 puiset ett\u00e4 muoviset puutarhakalusteet. L\u00f6yd\u00e4t kotoasi varmasti lukuisia kohteita mihin voit NB Home -soodapuhalluspistoolia k\u00e4ytt\u00e4\u00e4! Voit k\u00e4ytt\u00e4\u00e4 NB Home soodapuhalluspistoolia homeenpoistoon l\u00e4hes milt\u00e4 pinnalta tahansa!<\/p>\n<p>&nbsp;<\/p>\n<p>&nbsp;<\/p>\n<p><strong>Maalin- ja lianpoisto<\/strong><\/p>\n<p><img loading=\"lazy\" decoding=\"async\" class=\"alignright size-full wp-image-39\" src=\"https:\/\/www.nordblastshop.com\/fi\/wp-content\/uploads\/sites\/2\/2020\/03\/NBHobby-Soodapuhalluspistooli-maali.jpg\" alt=\"NB Hobby Soodapuhalluspistooli maali\" width=\"220\" height=\"180\" \/>NB Hobby -soodapuhalluspistoolilla voit poistaa maalia ja ep\u00e4puhtauksia erilaisista pinnoista kuten seinist\u00e4 ja vanhoista ikkunoista nopeasti ja ymp\u00e4rist\u00f6yst\u00e4v\u00e4llisesti. Soodapuhallus ei vahingoita lasia! S\u00e4\u00e4st\u00e4t aikaa k\u00e4sinhiontaan verrattuna ja p\u00e4\u00e4set ahtaisiinkin paikkoihin, minne muilla laitteilla on vaikea p\u00e4\u00e4st\u00e4. Ty\u00f6skentelyn j\u00e4lkeen kohde on helppo siivota huuhtelemalla kohde vedell\u00e4.<\/p>\n<p>&nbsp;<\/p>\n<p>&nbsp;<\/p>\n<p><strong>Tekniset tiedot<\/strong><\/p>\n<ul>\n<li><strong>Kompressori:<\/strong> max 10 bar<\/li>\n<li><strong>K\u00e4ytt\u00f6paine:<\/strong> 2-8 bar<\/li>\n<li><strong>Ilmantarve:<\/strong> min. 180 l \/ min<\/li>\n<\/ul>\n<p><strong>NB Cleanblast puhdistussooda 5 kg<\/strong><\/p>\n<p>Sooda (NaHCO3) on ymp\u00e4rist\u00f6yst\u00e4v\u00e4llinen, PH -arvoltaan neutraali puhallusmateriaali. Sooda on hell\u00e4varaisin k\u00e4yt\u00f6ss\u00e4 olevista puhallusmateriaaleista.<\/p>\n<p><strong>NB Glassblast 6 kg<\/strong><\/p>\n<p>Lasikuularae puhallusk\u00e4ytt\u00f6\u00f6n. Kovuutensa ja py\u00f6re\u00e4n muotonsa ansiosta lasirakeet poistavat ep\u00e4puhtauksia ja metallioksideja vahingoittamatta itse k\u00e4sitelt\u00e4vi\u00e4 pintoja. Koska lasi ei reagoi kemiallisesti muiden materiaalien kanssa, mikrorakeet eiv\u00e4t aiheuta korroosiota.<\/p>\n<p>&nbsp;<\/p>\n<div class=\"wpbf-responsive-embed\"><iframe title=\"NordBlast Home - soodapuhalluspistooli\" width=\"1200\" height=\"675\" src=\"https:\/\/www.youtube.com\/embed\/KfT0iT1xQa4?feature=oembed\" frameborder=\"0\" allow=\"accelerometer; autoplay; encrypted-media; gyroscope; picture-in-picture\" allowfullscreen><\/iframe><\/div>\n","protected":false},"excerpt":{"rendered":"<div class=\"std\">\n<p><strong>S\u00e4\u00e4st\u00e4 23%! Norm. 76,80 \u20ac &#8211;\u00a0<\/strong>Osta NB Hobby soodapuhalluspistooli, NB Cleanblast puhdistussooda 5 kg ja NB Glassblast 6 kg yhdess\u00e4.<\/p>\n<\/div>\n","protected":false},"featured_media":30,"comment_status":"open","ping_status":"closed","template":"","meta":[],"product_brand":[],"product_cat":[30],"product_tag":[],"class_list":{"0":"post-142","1":"product","2":"type-product","3":"status-publish","4":"has-post-thumbnail","6":"product_cat-nb_hobby","7":"wpbf-post","10":"instock","11":"featured","12":"taxable","13":"shipping-taxable","14":"purchasable","15":"product-type-simple"},"yoast_head":"<!-- This site is optimized with the Yoast SEO plugin v27.3 - https:\/\/yoast.com\/product\/yoast-seo-wordpress\/ -->\n<title>NB Hobby Soodapuhalluspistooli, NB Cleanblast Puhdistussooda, 5kg &amp; NB Glassblast, 6kg - Nordblast Shop<\/title>\n<meta name=\"description\" content=\"NB Hobby Soodapuhalluspistooli, NB Cleanblast Puhdistussooda, 5kg &amp; NB Glassblast, 6kg S\u00e4\u00e4st\u00e4 23%! Norm. 76,80 \u20ac -\u00a0Osta NB Hobby soodapuhalluspistooli, NB Cleanblast puhdistussooda 5 kg ja NB Glassblast 6 kg yhdess\u00e4.\" \/>\n<meta name=\"robots\" content=\"index, follow, max-snippet:-1, max-image-preview:large, max-video-preview:-1\" \/>\n<link rel=\"canonical\" href=\"https:\/\/www.nordblastshop.com\/fi\/tuote\/nb-hobby-soodapuhalluspistooli-nb-cleanblast-puhdistussooda-5kg-nb-glassblast-6kg\/\" \/>\n<meta property=\"og:locale\" content=\"fi_FI\" \/>\n<meta property=\"og:type\" content=\"article\" \/>\n<meta property=\"og:title\" content=\"NB Hobby Soodapuhalluspistooli, NB Cleanblast Puhdistussooda, 5kg &amp; NB Glassblast, 6kg - Nordblast Shop\" \/>\n<meta property=\"og:description\" content=\"NB Hobby Soodapuhalluspistooli, NB Cleanblast Puhdistussooda, 5kg &amp; NB Glassblast, 6kg S\u00e4\u00e4st\u00e4 23%! Norm. 76,80 \u20ac -\u00a0Osta NB Hobby soodapuhalluspistooli, NB Cleanblast puhdistussooda 5 kg ja NB Glassblast 6 kg yhdess\u00e4.\" \/>\n<meta property=\"og:url\" content=\"https:\/\/www.nordblastshop.com\/fi\/tuote\/nb-hobby-soodapuhalluspistooli-nb-cleanblast-puhdistussooda-5kg-nb-glassblast-6kg\/\" \/>\n<meta property=\"og:site_name\" content=\"Nordblast Shop\" \/>\n<meta property=\"article:modified_time\" content=\"2024-08-31T16:54:24+00:00\" \/>\n<meta property=\"og:image\" content=\"https:\/\/www.nordblastshop.com\/fi\/wp-content\/uploads\/sites\/2\/2020\/03\/NB-Hobby-soodapuhalluspistooli-NB-Cleanblast-puhdistussooda-5kg-NB-Glassblast-6kg.jpg\" \/>\n\t<meta property=\"og:image:width\" content=\"600\" \/>\n\t<meta property=\"og:image:height\" content=\"450\" \/>\n\t<meta property=\"og:image:type\" content=\"image\/jpeg\" \/>\n<meta name=\"twitter:card\" content=\"summary_large_image\" \/>\n<meta name=\"twitter:label1\" content=\"Arvioitu lukuaika\" \/>\n\t<meta name=\"twitter:data1\" content=\"2 minuuttia\" \/>\n<!-- \/ Yoast SEO plugin. -->","yoast_head_json":{"title":"NB Hobby Soodapuhalluspistooli, NB Cleanblast Puhdistussooda, 5kg &amp; NB Glassblast, 6kg - Nordblast Shop","description":"NB Hobby Soodapuhalluspistooli, NB Cleanblast Puhdistussooda, 5kg &amp; NB Glassblast, 6kg S\u00e4\u00e4st\u00e4 23%! Norm. 76,80 \u20ac -\u00a0Osta NB Hobby soodapuhalluspistooli, NB Cleanblast puhdistussooda 5 kg ja NB Glassblast 6 kg yhdess\u00e4.","robots":{"index":"index","follow":"follow","max-snippet":"max-snippet:-1","max-image-preview":"max-image-preview:large","max-video-preview":"max-video-preview:-1"},"canonical":"https:\/\/www.nordblastshop.com\/fi\/tuote\/nb-hobby-soodapuhalluspistooli-nb-cleanblast-puhdistussooda-5kg-nb-glassblast-6kg\/","og_locale":"fi_FI","og_type":"article","og_title":"NB Hobby Soodapuhalluspistooli, NB Cleanblast Puhdistussooda, 5kg &amp; NB Glassblast, 6kg - Nordblast Shop","og_description":"NB Hobby Soodapuhalluspistooli, NB Cleanblast Puhdistussooda, 5kg &amp; NB Glassblast, 6kg S\u00e4\u00e4st\u00e4 23%! Norm. 76,80 \u20ac -\u00a0Osta NB Hobby soodapuhalluspistooli, NB Cleanblast puhdistussooda 5 kg ja NB Glassblast 6 kg yhdess\u00e4.","og_url":"https:\/\/www.nordblastshop.com\/fi\/tuote\/nb-hobby-soodapuhalluspistooli-nb-cleanblast-puhdistussooda-5kg-nb-glassblast-6kg\/","og_site_name":"Nordblast Shop","article_modified_time":"2024-08-31T16:54:24+00:00","og_image":[{"width":600,"height":450,"url":"https:\/\/www.nordblastshop.com\/fi\/wp-content\/uploads\/sites\/2\/2020\/03\/NB-Hobby-soodapuhalluspistooli-NB-Cleanblast-puhdistussooda-5kg-NB-Glassblast-6kg.jpg","type":"image\/jpeg"}],"twitter_card":"summary_large_image","twitter_misc":{"Arvioitu lukuaika":"2 minuuttia"},"schema":{"@context":"https:\/\/schema.org","@graph":[{"@type":"WebPage","@id":"https:\/\/www.nordblastshop.com\/fi\/tuote\/nb-hobby-soodapuhalluspistooli-nb-cleanblast-puhdistussooda-5kg-nb-glassblast-6kg\/","url":"https:\/\/www.nordblastshop.com\/fi\/tuote\/nb-hobby-soodapuhalluspistooli-nb-cleanblast-puhdistussooda-5kg-nb-glassblast-6kg\/","name":"NB Hobby Soodapuhalluspistooli, NB Cleanblast Puhdistussooda, 5kg &amp; NB Glassblast, 6kg - Nordblast Shop","isPartOf":{"@id":"https:\/\/www.nordblastshop.com\/fi\/#website"},"primaryImageOfPage":{"@id":"https:\/\/www.nordblastshop.com\/fi\/tuote\/nb-hobby-soodapuhalluspistooli-nb-cleanblast-puhdistussooda-5kg-nb-glassblast-6kg\/#primaryimage"},"image":{"@id":"https:\/\/www.nordblastshop.com\/fi\/tuote\/nb-hobby-soodapuhalluspistooli-nb-cleanblast-puhdistussooda-5kg-nb-glassblast-6kg\/#primaryimage"},"thumbnailUrl":"https:\/\/www.nordblastshop.com\/fi\/wp-content\/uploads\/sites\/2\/2020\/03\/NB-Hobby-soodapuhalluspistooli-NB-Cleanblast-puhdistussooda-5kg-NB-Glassblast-6kg.jpg","datePublished":"2020-03-21T14:19:11+00:00","dateModified":"2024-08-31T16:54:24+00:00","description":"NB Hobby Soodapuhalluspistooli, NB Cleanblast Puhdistussooda, 5kg &amp; NB Glassblast, 6kg S\u00e4\u00e4st\u00e4 23%! Norm. 76,80 \u20ac -\u00a0Osta NB Hobby soodapuhalluspistooli, NB Cleanblast puhdistussooda 5 kg ja NB Glassblast 6 kg yhdess\u00e4.","breadcrumb":{"@id":"https:\/\/www.nordblastshop.com\/fi\/tuote\/nb-hobby-soodapuhalluspistooli-nb-cleanblast-puhdistussooda-5kg-nb-glassblast-6kg\/#breadcrumb"},"inLanguage":"fi","potentialAction":[{"@type":"ReadAction","target":["https:\/\/www.nordblastshop.com\/fi\/tuote\/nb-hobby-soodapuhalluspistooli-nb-cleanblast-puhdistussooda-5kg-nb-glassblast-6kg\/"]}]},{"@type":"ImageObject","inLanguage":"fi","@id":"https:\/\/www.nordblastshop.com\/fi\/tuote\/nb-hobby-soodapuhalluspistooli-nb-cleanblast-puhdistussooda-5kg-nb-glassblast-6kg\/#primaryimage","url":"https:\/\/www.nordblastshop.com\/fi\/wp-content\/uploads\/sites\/2\/2020\/03\/NB-Hobby-soodapuhalluspistooli-NB-Cleanblast-puhdistussooda-5kg-NB-Glassblast-6kg.jpg","contentUrl":"https:\/\/www.nordblastshop.com\/fi\/wp-content\/uploads\/sites\/2\/2020\/03\/NB-Hobby-soodapuhalluspistooli-NB-Cleanblast-puhdistussooda-5kg-NB-Glassblast-6kg.jpg","width":600,"height":450,"caption":"NB Hobby Soodapuhalluspistooli, NB Cleanblast Puhdistussooda, 5kg &amp; NB Glassblast, 6kg"},{"@type":"BreadcrumbList","@id":"https:\/\/www.nordblastshop.com\/fi\/tuote\/nb-hobby-soodapuhalluspistooli-nb-cleanblast-puhdistussooda-5kg-nb-glassblast-6kg\/#breadcrumb","itemListElement":[{"@type":"ListItem","position":1,"name":"Home","item":"https:\/\/www.nordblastshop.com\/fi\/"},{"@type":"ListItem","position":2,"name":"Kauppa","item":"https:\/\/www.nordblastshop.com\/fi\/kauppa\/"},{"@type":"ListItem","position":3,"name":"NB Hobby Soodapuhalluspistooli, NB Cleanblast Puhdistussooda, 5kg &amp; NB Glassblast, 6kg"}]},{"@type":"WebSite","@id":"https:\/\/www.nordblastshop.com\/fi\/#website","url":"https:\/\/www.nordblastshop.com\/fi\/","name":"Nordblast Shop","description":"Uusi Nordblastshop-sivustot -sivusto","publisher":{"@id":"https:\/\/www.nordblastshop.com\/fi\/#organization"},"potentialAction":[{"@type":"SearchAction","target":{"@type":"EntryPoint","urlTemplate":"https:\/\/www.nordblastshop.com\/fi\/?s={search_term_string}"},"query-input":{"@type":"PropertyValueSpecification","valueRequired":true,"valueName":"search_term_string"}}],"inLanguage":"fi"},{"@type":"Organization","@id":"https:\/\/www.nordblastshop.com\/fi\/#organization","name":"Nordblast Shop","url":"https:\/\/www.nordblastshop.com\/fi\/","logo":{"@type":"ImageObject","inLanguage":"fi","@id":"https:\/\/www.nordblastshop.com\/fi\/#\/schema\/logo\/image\/","url":"https:\/\/www.nordblastshop.com\/fi\/wp-content\/uploads\/sites\/2\/2020\/03\/Nordblast-logo.png","contentUrl":"https:\/\/www.nordblastshop.com\/fi\/wp-content\/uploads\/sites\/2\/2020\/03\/Nordblast-logo.png","width":315,"height":51,"caption":"Nordblast Shop"},"image":{"@id":"https:\/\/www.nordblastshop.com\/fi\/#\/schema\/logo\/image\/"}}]}},"_links":{"self":[{"href":"https:\/\/www.nordblastshop.com\/fi\/wp-json\/wp\/v2\/product\/142","targetHints":{"allow":["GET"]}}],"collection":[{"href":"https:\/\/www.nordblastshop.com\/fi\/wp-json\/wp\/v2\/product"}],"about":[{"href":"https:\/\/www.nordblastshop.com\/fi\/wp-json\/wp\/v2\/types\/product"}],"replies":[{"embeddable":true,"href":"https:\/\/www.nordblastshop.com\/fi\/wp-json\/wp\/v2\/comments?post=142"}],"wp:featuredmedia":[{"embeddable":true,"href":"https:\/\/www.nordblastshop.com\/fi\/wp-json\/wp\/v2\/media\/30"}],"wp:attachment":[{"href":"https:\/\/www.nordblastshop.com\/fi\/wp-json\/wp\/v2\/media?parent=142"}],"wp:term":[{"taxonomy":"product_brand","embeddable":true,"href":"https:\/\/www.nordblastshop.com\/fi\/wp-json\/wp\/v2\/product_brand?post=142"},{"taxonomy":"product_cat","embeddable":true,"href":"https:\/\/www.nordblastshop.com\/fi\/wp-json\/wp\/v2\/product_cat?post=142"},{"taxonomy":"product_tag","embeddable":true,"href":"https:\/\/www.nordblastshop.com\/fi\/wp-json\/wp\/v2\/product_tag?post=142"}],"curies":[{"name":"wp","href":"https:\/\/api.w.org\/{rel}","templated":true}]}}