{"id":139,"date":"2020-03-21T16:05:16","date_gmt":"2020-03-21T14:05:16","guid":{"rendered":"http:\/\/nordblast.sslwebhosting.eu\/fi\/?post_type=product&#038;p=126"},"modified":"2024-08-31T19:54:25","modified_gmt":"2024-08-31T16:54:25","slug":"lasikuula-300-400%c2%b5m-25kg","status":"publish","type":"product","link":"https:\/\/www.nordblastshop.com\/fi\/tuote\/lasikuula-300-400%c2%b5m-25kg\/","title":{"rendered":"Lasikuula 300-400\u00b5m, 25kg"},"content":{"rendered":"<p>Lasikuularae puhallusk\u00e4ytt\u00f6\u00f6n. Kovuutensa ja py\u00f6re\u00e4n muotonsa ansiosta lasirakeet poistavat ep\u00e4puhtauksia ja metallioksideja vahingoittamatta itse k\u00e4sitelt\u00e4vi\u00e4 pintoja. Koska lasi ei reagoi kemiallisesti muiden materiaalien kanssa, mikrorakeet eiv\u00e4t aiheuta korroosiota.<\/p>\n","protected":false},"excerpt":{"rendered":"<p>Lasikuularae puhallusk\u00e4ytt\u00f6\u00f6n. Kovuutensa ja py\u00f6re\u00e4n muotonsa ansiosta lasirakeet poistavat ep\u00e4puhtauksia ja metallioksideja vahingoittamatta itse k\u00e4sitelt\u00e4vi\u00e4 pintoja. Koska lasi ei reagoi kemiallisesti muiden materiaalien kanssa, mikrorakeet eiv\u00e4t aiheuta korroosiota.<\/p>\n","protected":false},"featured_media":32,"comment_status":"open","ping_status":"closed","template":"","meta":[],"product_brand":[],"product_cat":[25],"product_tag":[],"class_list":{"0":"post-139","1":"product","2":"type-product","3":"status-publish","4":"has-post-thumbnail","6":"product_cat-lasikuula","7":"wpbf-post","10":"instock","11":"taxable","12":"shipping-taxable","13":"purchasable","14":"product-type-simple"},"yoast_head":"<!-- This site is optimized with the Yoast SEO plugin v27.4 - https:\/\/yoast.com\/product\/yoast-seo-wordpress\/ -->\n<title>Lasikuula 300-400\u00b5m, 25kg - Nordblast Shop<\/title>\n<meta name=\"description\" content=\"Lasikuula 300-400\u00b5m, 25kg Lasikuularae puhallusk\u00e4ytt\u00f6\u00f6n. Kovuutensa ja py\u00f6re\u00e4n muotonsa ansiosta lasirakeet poistavat ep\u00e4puhtauksia ja metallioksideja vahingoittamatta itse k\u00e4sitelt\u00e4vi\u00e4 pintoja. Koska lasi ei reagoi kemiallisesti muiden materiaalien kanssa, mikrorakeet eiv\u00e4t aiheuta korroosiota.\" \/>\n<meta name=\"robots\" content=\"index, follow, max-snippet:-1, max-image-preview:large, max-video-preview:-1\" \/>\n<link rel=\"canonical\" href=\"https:\/\/www.nordblastshop.com\/fi\/tuote\/lasikuula-300-400\u00b5m-25kg\/\" \/>\n<meta property=\"og:locale\" content=\"fi_FI\" \/>\n<meta property=\"og:type\" content=\"article\" \/>\n<meta property=\"og:title\" content=\"Lasikuula 300-400\u00b5m, 25kg - Nordblast Shop\" \/>\n<meta property=\"og:description\" content=\"Lasikuula 300-400\u00b5m, 25kg Lasikuularae puhallusk\u00e4ytt\u00f6\u00f6n. Kovuutensa ja py\u00f6re\u00e4n muotonsa ansiosta lasirakeet poistavat ep\u00e4puhtauksia ja metallioksideja vahingoittamatta itse k\u00e4sitelt\u00e4vi\u00e4 pintoja. Koska lasi ei reagoi kemiallisesti muiden materiaalien kanssa, mikrorakeet eiv\u00e4t aiheuta korroosiota.\" \/>\n<meta property=\"og:url\" content=\"https:\/\/www.nordblastshop.com\/fi\/tuote\/lasikuula-300-400\u00b5m-25kg\/\" \/>\n<meta property=\"og:site_name\" content=\"Nordblast Shop\" \/>\n<meta property=\"article:modified_time\" content=\"2024-08-31T16:54:25+00:00\" \/>\n<meta property=\"og:image\" content=\"https:\/\/www.nordblastshop.com\/fi\/wp-content\/uploads\/sites\/2\/2020\/03\/NB-Lasikuula-25kg.jpg\" \/>\n\t<meta property=\"og:image:width\" content=\"600\" \/>\n\t<meta property=\"og:image:height\" content=\"918\" \/>\n\t<meta property=\"og:image:type\" content=\"image\/jpeg\" \/>\n<meta name=\"twitter:card\" content=\"summary_large_image\" \/>\n<!-- \/ Yoast SEO plugin. -->","yoast_head_json":{"title":"Lasikuula 300-400\u00b5m, 25kg - Nordblast Shop","description":"Lasikuula 300-400\u00b5m, 25kg Lasikuularae puhallusk\u00e4ytt\u00f6\u00f6n. Kovuutensa ja py\u00f6re\u00e4n muotonsa ansiosta lasirakeet poistavat ep\u00e4puhtauksia ja metallioksideja vahingoittamatta itse k\u00e4sitelt\u00e4vi\u00e4 pintoja. Koska lasi ei reagoi kemiallisesti muiden materiaalien kanssa, mikrorakeet eiv\u00e4t aiheuta korroosiota.","robots":{"index":"index","follow":"follow","max-snippet":"max-snippet:-1","max-image-preview":"max-image-preview:large","max-video-preview":"max-video-preview:-1"},"canonical":"https:\/\/www.nordblastshop.com\/fi\/tuote\/lasikuula-300-400\u00b5m-25kg\/","og_locale":"fi_FI","og_type":"article","og_title":"Lasikuula 300-400\u00b5m, 25kg - Nordblast Shop","og_description":"Lasikuula 300-400\u00b5m, 25kg Lasikuularae puhallusk\u00e4ytt\u00f6\u00f6n. Kovuutensa ja py\u00f6re\u00e4n muotonsa ansiosta lasirakeet poistavat ep\u00e4puhtauksia ja metallioksideja vahingoittamatta itse k\u00e4sitelt\u00e4vi\u00e4 pintoja. Koska lasi ei reagoi kemiallisesti muiden materiaalien kanssa, mikrorakeet eiv\u00e4t aiheuta korroosiota.","og_url":"https:\/\/www.nordblastshop.com\/fi\/tuote\/lasikuula-300-400\u00b5m-25kg\/","og_site_name":"Nordblast Shop","article_modified_time":"2024-08-31T16:54:25+00:00","og_image":[{"width":600,"height":918,"url":"https:\/\/www.nordblastshop.com\/fi\/wp-content\/uploads\/sites\/2\/2020\/03\/NB-Lasikuula-25kg.jpg","type":"image\/jpeg"}],"twitter_card":"summary_large_image","schema":{"@context":"https:\/\/schema.org","@graph":[{"@type":"WebPage","@id":"https:\/\/www.nordblastshop.com\/fi\/tuote\/lasikuula-300-400%c2%b5m-25kg\/","url":"https:\/\/www.nordblastshop.com\/fi\/tuote\/lasikuula-300-400%c2%b5m-25kg\/","name":"Lasikuula 300-400\u00b5m, 25kg - Nordblast Shop","isPartOf":{"@id":"https:\/\/www.nordblastshop.com\/fi\/#website"},"primaryImageOfPage":{"@id":"https:\/\/www.nordblastshop.com\/fi\/tuote\/lasikuula-300-400%c2%b5m-25kg\/#primaryimage"},"image":{"@id":"https:\/\/www.nordblastshop.com\/fi\/tuote\/lasikuula-300-400%c2%b5m-25kg\/#primaryimage"},"thumbnailUrl":"https:\/\/www.nordblastshop.com\/fi\/wp-content\/uploads\/sites\/2\/2020\/03\/NB-Lasikuula-25kg.jpg","datePublished":"2020-03-21T14:05:16+00:00","dateModified":"2024-08-31T16:54:25+00:00","description":"Lasikuula 300-400\u00b5m, 25kg Lasikuularae puhallusk\u00e4ytt\u00f6\u00f6n. Kovuutensa ja py\u00f6re\u00e4n muotonsa ansiosta lasirakeet poistavat ep\u00e4puhtauksia ja metallioksideja vahingoittamatta itse k\u00e4sitelt\u00e4vi\u00e4 pintoja. Koska lasi ei reagoi kemiallisesti muiden materiaalien kanssa, mikrorakeet eiv\u00e4t aiheuta korroosiota.","breadcrumb":{"@id":"https:\/\/www.nordblastshop.com\/fi\/tuote\/lasikuula-300-400%c2%b5m-25kg\/#breadcrumb"},"inLanguage":"fi","potentialAction":[{"@type":"ReadAction","target":["https:\/\/www.nordblastshop.com\/fi\/tuote\/lasikuula-300-400%c2%b5m-25kg\/"]}]},{"@type":"ImageObject","inLanguage":"fi","@id":"https:\/\/www.nordblastshop.com\/fi\/tuote\/lasikuula-300-400%c2%b5m-25kg\/#primaryimage","url":"https:\/\/www.nordblastshop.com\/fi\/wp-content\/uploads\/sites\/2\/2020\/03\/NB-Lasikuula-25kg.jpg","contentUrl":"https:\/\/www.nordblastshop.com\/fi\/wp-content\/uploads\/sites\/2\/2020\/03\/NB-Lasikuula-25kg.jpg","width":600,"height":918,"caption":"NB Lasikuula, 25kg"},{"@type":"BreadcrumbList","@id":"https:\/\/www.nordblastshop.com\/fi\/tuote\/lasikuula-300-400%c2%b5m-25kg\/#breadcrumb","itemListElement":[{"@type":"ListItem","position":1,"name":"Home","item":"https:\/\/www.nordblastshop.com\/fi\/"},{"@type":"ListItem","position":2,"name":"Kauppa","item":"https:\/\/www.nordblastshop.com\/fi\/kauppa\/"},{"@type":"ListItem","position":3,"name":"Lasikuula 300-400\u00b5m, 25kg"}]},{"@type":"WebSite","@id":"https:\/\/www.nordblastshop.com\/fi\/#website","url":"https:\/\/www.nordblastshop.com\/fi\/","name":"Nordblast Shop","description":"Uusi Nordblastshop-sivustot -sivusto","publisher":{"@id":"https:\/\/www.nordblastshop.com\/fi\/#organization"},"potentialAction":[{"@type":"SearchAction","target":{"@type":"EntryPoint","urlTemplate":"https:\/\/www.nordblastshop.com\/fi\/?s={search_term_string}"},"query-input":{"@type":"PropertyValueSpecification","valueRequired":true,"valueName":"search_term_string"}}],"inLanguage":"fi"},{"@type":"Organization","@id":"https:\/\/www.nordblastshop.com\/fi\/#organization","name":"Nordblast Shop","url":"https:\/\/www.nordblastshop.com\/fi\/","logo":{"@type":"ImageObject","inLanguage":"fi","@id":"https:\/\/www.nordblastshop.com\/fi\/#\/schema\/logo\/image\/","url":"https:\/\/www.nordblastshop.com\/fi\/wp-content\/uploads\/sites\/2\/2020\/03\/Nordblast-logo.png","contentUrl":"https:\/\/www.nordblastshop.com\/fi\/wp-content\/uploads\/sites\/2\/2020\/03\/Nordblast-logo.png","width":315,"height":51,"caption":"Nordblast Shop"},"image":{"@id":"https:\/\/www.nordblastshop.com\/fi\/#\/schema\/logo\/image\/"}}]}},"_links":{"self":[{"href":"https:\/\/www.nordblastshop.com\/fi\/wp-json\/wp\/v2\/product\/139","targetHints":{"allow":["GET"]}}],"collection":[{"href":"https:\/\/www.nordblastshop.com\/fi\/wp-json\/wp\/v2\/product"}],"about":[{"href":"https:\/\/www.nordblastshop.com\/fi\/wp-json\/wp\/v2\/types\/product"}],"replies":[{"embeddable":true,"href":"https:\/\/www.nordblastshop.com\/fi\/wp-json\/wp\/v2\/comments?post=139"}],"wp:featuredmedia":[{"embeddable":true,"href":"https:\/\/www.nordblastshop.com\/fi\/wp-json\/wp\/v2\/media\/32"}],"wp:attachment":[{"href":"https:\/\/www.nordblastshop.com\/fi\/wp-json\/wp\/v2\/media?parent=139"}],"wp:term":[{"taxonomy":"product_brand","embeddable":true,"href":"https:\/\/www.nordblastshop.com\/fi\/wp-json\/wp\/v2\/product_brand?post=139"},{"taxonomy":"product_cat","embeddable":true,"href":"https:\/\/www.nordblastshop.com\/fi\/wp-json\/wp\/v2\/product_cat?post=139"},{"taxonomy":"product_tag","embeddable":true,"href":"https:\/\/www.nordblastshop.com\/fi\/wp-json\/wp\/v2\/product_tag?post=139"}],"curies":[{"name":"wp","href":"https:\/\/api.w.org\/{rel}","templated":true}]}}