{"id":134,"date":"2020-03-21T15:51:57","date_gmt":"2020-03-21T13:51:57","guid":{"rendered":"http:\/\/nordblast.sslwebhosting.eu\/fi\/?post_type=product&#038;p=113"},"modified":"2025-04-21T01:59:31","modified_gmt":"2025-04-20T22:59:31","slug":"kompressori-3-v-75hp-925l-200l-musta","status":"publish","type":"product","link":"https:\/\/www.nordblastshop.com\/fi\/tuote\/kompressori-3-v-75hp-925l-200l-musta\/","title":{"rendered":"Kompressori 3-V 7,5HP 925L\/200L MUSTA"},"content":{"rendered":"<ul>\n<li class=\"std\">Moottori 7,5 hv \/ 5,5 kW \/ 400 V<\/li>\n<li class=\"std\">Kierrosluku 1450 rpm &#8211; imutuotto 925 l<\/li>\n<li class=\"std\">S\u00e4ili\u00f6 200 l<\/li>\n<li class=\"std\">Max.paine 10 bar<\/li>\n<li class=\"std\">Kiilahihnaveto<\/li>\n<li class=\"std\">2-sylinterinen, \u00f6ljyvoideltu lohko<\/li>\n<li class=\"std\">L\u00e4ht\u00f6liit\u00e4nn\u00e4t: yksi s\u00e4ili\u00f6st\u00e4 ja kaksi paineenalennusventtiilist\u00e4<\/li>\n<li class=\"std\">Mittarit s\u00e4ili\u00f6- ja ulostulopaineelle<\/li>\n<li class=\"std\">Melutaso 97 dB<\/li>\n<li class=\"std\">Ei sis\u00e4ll\u00e4 pistotulppaa<\/li>\n<li class=\"std\">Mitat: P1410 x L490 x K1010 mm<\/li>\n<li class=\"std\">Paino 120 kg<\/li>\n<\/ul>\n<p><strong>Varaosia \/ Tarvikkeita:<\/strong><\/p>\n<ul>\n<li>Pistotulppa voimavirta 400 V \/ 16 A (vaiheenk\u00e4\u00e4ntimell\u00e4) CRX4001<\/li>\n<li>Pistotulppa voimavirta 400 V \/ 16 A CRX4002<\/li>\n<\/ul>\n","protected":false},"excerpt":{"rendered":"<p>Kompressori 3-V 7,5HP 925L\/200L MUSTA<\/p>\n","protected":false},"featured_media":25,"comment_status":"open","ping_status":"closed","template":"","meta":[],"product_brand":[],"product_cat":[15],"product_tag":[],"class_list":{"0":"post-134","1":"product","2":"type-product","3":"status-publish","4":"has-post-thumbnail","6":"product_cat-yleinen","7":"wpbf-post","10":"instock","11":"taxable","12":"shipping-taxable","13":"purchasable","14":"product-type-simple"},"yoast_head":"<!-- This site is optimized with the Yoast SEO plugin v27.5 - https:\/\/yoast.com\/product\/yoast-seo-wordpress\/ -->\n<title>Kompressori 3-V 7,5HP 925L\/200L MUSTA - Nordblast Shop<\/title>\n<meta name=\"description\" content=\"Kompressori 3-V 7,5HP 925L\/200L MUSTA Kompressori 3-V 7,5HP 925L\/200L MUSTA\" \/>\n<meta name=\"robots\" content=\"index, follow, max-snippet:-1, max-image-preview:large, max-video-preview:-1\" \/>\n<link rel=\"canonical\" href=\"https:\/\/www.nordblastshop.com\/fi\/tuote\/kompressori-3-v-75hp-925l-200l-musta\/\" \/>\n<meta property=\"og:locale\" content=\"fi_FI\" \/>\n<meta property=\"og:type\" content=\"article\" \/>\n<meta property=\"og:title\" content=\"Kompressori 3-V 7,5HP 925L\/200L MUSTA - Nordblast Shop\" \/>\n<meta property=\"og:description\" content=\"Kompressori 3-V 7,5HP 925L\/200L MUSTA Kompressori 3-V 7,5HP 925L\/200L MUSTA\" \/>\n<meta property=\"og:url\" content=\"https:\/\/www.nordblastshop.com\/fi\/tuote\/kompressori-3-v-75hp-925l-200l-musta\/\" \/>\n<meta property=\"og:site_name\" content=\"Nordblast Shop\" \/>\n<meta property=\"article:modified_time\" content=\"2025-04-20T22:59:31+00:00\" \/>\n<meta property=\"og:image\" content=\"https:\/\/www.nordblastshop.com\/fi\/wp-content\/uploads\/sites\/2\/2020\/03\/Kompressori-3-V-7-5HP-925L-200L-MUSTA.jpg\" \/>\n\t<meta property=\"og:image:width\" content=\"600\" \/>\n\t<meta property=\"og:image:height\" content=\"600\" \/>\n\t<meta property=\"og:image:type\" content=\"image\/jpeg\" \/>\n<meta name=\"twitter:card\" content=\"summary_large_image\" \/>\n<!-- \/ Yoast SEO plugin. -->","yoast_head_json":{"title":"Kompressori 3-V 7,5HP 925L\/200L MUSTA - Nordblast Shop","description":"Kompressori 3-V 7,5HP 925L\/200L MUSTA Kompressori 3-V 7,5HP 925L\/200L MUSTA","robots":{"index":"index","follow":"follow","max-snippet":"max-snippet:-1","max-image-preview":"max-image-preview:large","max-video-preview":"max-video-preview:-1"},"canonical":"https:\/\/www.nordblastshop.com\/fi\/tuote\/kompressori-3-v-75hp-925l-200l-musta\/","og_locale":"fi_FI","og_type":"article","og_title":"Kompressori 3-V 7,5HP 925L\/200L MUSTA - Nordblast Shop","og_description":"Kompressori 3-V 7,5HP 925L\/200L MUSTA Kompressori 3-V 7,5HP 925L\/200L MUSTA","og_url":"https:\/\/www.nordblastshop.com\/fi\/tuote\/kompressori-3-v-75hp-925l-200l-musta\/","og_site_name":"Nordblast Shop","article_modified_time":"2025-04-20T22:59:31+00:00","og_image":[{"width":600,"height":600,"url":"https:\/\/www.nordblastshop.com\/fi\/wp-content\/uploads\/sites\/2\/2020\/03\/Kompressori-3-V-7-5HP-925L-200L-MUSTA.jpg","type":"image\/jpeg"}],"twitter_card":"summary_large_image","schema":{"@context":"https:\/\/schema.org","@graph":[{"@type":"WebPage","@id":"https:\/\/www.nordblastshop.com\/fi\/tuote\/kompressori-3-v-75hp-925l-200l-musta\/","url":"https:\/\/www.nordblastshop.com\/fi\/tuote\/kompressori-3-v-75hp-925l-200l-musta\/","name":"Kompressori 3-V 7,5HP 925L\/200L MUSTA - Nordblast Shop","isPartOf":{"@id":"https:\/\/www.nordblastshop.com\/fi\/#website"},"primaryImageOfPage":{"@id":"https:\/\/www.nordblastshop.com\/fi\/tuote\/kompressori-3-v-75hp-925l-200l-musta\/#primaryimage"},"image":{"@id":"https:\/\/www.nordblastshop.com\/fi\/tuote\/kompressori-3-v-75hp-925l-200l-musta\/#primaryimage"},"thumbnailUrl":"https:\/\/www.nordblastshop.com\/fi\/wp-content\/uploads\/sites\/2\/2020\/03\/Kompressori-3-V-7-5HP-925L-200L-MUSTA.jpg","datePublished":"2020-03-21T13:51:57+00:00","dateModified":"2025-04-20T22:59:31+00:00","description":"Kompressori 3-V 7,5HP 925L\/200L MUSTA Kompressori 3-V 7,5HP 925L\/200L MUSTA","breadcrumb":{"@id":"https:\/\/www.nordblastshop.com\/fi\/tuote\/kompressori-3-v-75hp-925l-200l-musta\/#breadcrumb"},"inLanguage":"fi","potentialAction":[{"@type":"ReadAction","target":["https:\/\/www.nordblastshop.com\/fi\/tuote\/kompressori-3-v-75hp-925l-200l-musta\/"]}]},{"@type":"ImageObject","inLanguage":"fi","@id":"https:\/\/www.nordblastshop.com\/fi\/tuote\/kompressori-3-v-75hp-925l-200l-musta\/#primaryimage","url":"https:\/\/www.nordblastshop.com\/fi\/wp-content\/uploads\/sites\/2\/2020\/03\/Kompressori-3-V-7-5HP-925L-200L-MUSTA.jpg","contentUrl":"https:\/\/www.nordblastshop.com\/fi\/wp-content\/uploads\/sites\/2\/2020\/03\/Kompressori-3-V-7-5HP-925L-200L-MUSTA.jpg","width":600,"height":600,"caption":"Kompressori 3-V 7,5HP 925L\/200L MUSTA"},{"@type":"BreadcrumbList","@id":"https:\/\/www.nordblastshop.com\/fi\/tuote\/kompressori-3-v-75hp-925l-200l-musta\/#breadcrumb","itemListElement":[{"@type":"ListItem","position":1,"name":"Home","item":"https:\/\/www.nordblastshop.com\/fi\/"},{"@type":"ListItem","position":2,"name":"Kauppa","item":"https:\/\/www.nordblastshop.com\/fi\/kauppa\/"},{"@type":"ListItem","position":3,"name":"Kompressori 3-V 7,5HP 925L\/200L MUSTA"}]},{"@type":"WebSite","@id":"https:\/\/www.nordblastshop.com\/fi\/#website","url":"https:\/\/www.nordblastshop.com\/fi\/","name":"Nordblast Shop","description":"Uusi Nordblastshop-sivustot -sivusto","publisher":{"@id":"https:\/\/www.nordblastshop.com\/fi\/#organization"},"potentialAction":[{"@type":"SearchAction","target":{"@type":"EntryPoint","urlTemplate":"https:\/\/www.nordblastshop.com\/fi\/?s={search_term_string}"},"query-input":{"@type":"PropertyValueSpecification","valueRequired":true,"valueName":"search_term_string"}}],"inLanguage":"fi"},{"@type":"Organization","@id":"https:\/\/www.nordblastshop.com\/fi\/#organization","name":"Nordblast Shop","url":"https:\/\/www.nordblastshop.com\/fi\/","logo":{"@type":"ImageObject","inLanguage":"fi","@id":"https:\/\/www.nordblastshop.com\/fi\/#\/schema\/logo\/image\/","url":"https:\/\/www.nordblastshop.com\/fi\/wp-content\/uploads\/sites\/2\/2020\/03\/Nordblast-logo.png","contentUrl":"https:\/\/www.nordblastshop.com\/fi\/wp-content\/uploads\/sites\/2\/2020\/03\/Nordblast-logo.png","width":315,"height":51,"caption":"Nordblast Shop"},"image":{"@id":"https:\/\/www.nordblastshop.com\/fi\/#\/schema\/logo\/image\/"}}]}},"_links":{"self":[{"href":"https:\/\/www.nordblastshop.com\/fi\/wp-json\/wp\/v2\/product\/134","targetHints":{"allow":["GET"]}}],"collection":[{"href":"https:\/\/www.nordblastshop.com\/fi\/wp-json\/wp\/v2\/product"}],"about":[{"href":"https:\/\/www.nordblastshop.com\/fi\/wp-json\/wp\/v2\/types\/product"}],"replies":[{"embeddable":true,"href":"https:\/\/www.nordblastshop.com\/fi\/wp-json\/wp\/v2\/comments?post=134"}],"wp:featuredmedia":[{"embeddable":true,"href":"https:\/\/www.nordblastshop.com\/fi\/wp-json\/wp\/v2\/media\/25"}],"wp:attachment":[{"href":"https:\/\/www.nordblastshop.com\/fi\/wp-json\/wp\/v2\/media?parent=134"}],"wp:term":[{"taxonomy":"product_brand","embeddable":true,"href":"https:\/\/www.nordblastshop.com\/fi\/wp-json\/wp\/v2\/product_brand?post=134"},{"taxonomy":"product_cat","embeddable":true,"href":"https:\/\/www.nordblastshop.com\/fi\/wp-json\/wp\/v2\/product_cat?post=134"},{"taxonomy":"product_tag","embeddable":true,"href":"https:\/\/www.nordblastshop.com\/fi\/wp-json\/wp\/v2\/product_tag?post=134"}],"curies":[{"name":"wp","href":"https:\/\/api.w.org\/{rel}","templated":true}]}}