{"id":99,"date":"2020-03-27T11:06:12","date_gmt":"2020-03-27T09:06:12","guid":{"rendered":"https:\/\/www.nordblastshop.com\/fi\/?page_id=99"},"modified":"2020-03-27T11:06:14","modified_gmt":"2020-03-27T09:06:14","slug":"nordblast-shop-verkkokaupan-tilaus-ja-sopimusehdot","status":"publish","type":"page","link":"https:\/\/www.nordblastshop.com\/fi\/nordblast-shop-verkkokaupan-tilaus-ja-sopimusehdot\/","title":{"rendered":"Nordblast Shop -verkkokaupan tilaus- ja sopimusehdot"},"content":{"rendered":"\n<p>Ehdot ovat voimassa 30.10.2015 alkaen.<\/p>\n\n\n\n<p>1. YLEISET EHDOT<\/p>\n\n\n\n<p>Nordblastshop.com on Nordblast Oy:n yll\u00e4pit\u00e4m\u00e4 markkinapaikka, jossa \nhy\u00f6dykkeiden myyj\u00e4n\u00e4 on joko Nordblast Oy, Rusko (Y: 2196701-8. \nSeuraavia sopimusehtoja sovelletaan Nordblast Oy:n ja sen asiakkaiden \nv\u00e4lisess\u00e4 kauppasuhteessa. Nordblast Oy:n v\u00e4litt\u00e4mien kolmannen \nosapuolen hy\u00f6dykkeiden kohdalla sovelletaan kuluttajasuojalain lis\u00e4ksi \nkyseisen palveluntarjoajan m\u00e4\u00e4rittelemi\u00e4 sopimusehtoja.<\/p>\n\n\n\n<p>Nordblast Oy pid\u00e4tt\u00e4\u00e4 oikeuden muuttaa n\u00e4it\u00e4 sopimusehtoja \nyksipuolisella p\u00e4\u00e4t\u00f6ksell\u00e4 ilman ennakkoilmoitusta. Tilauksiin \nsovelletaan tilaushetkell\u00e4 voimassa olevia sopimusehtoja, jotka \nilmenev\u00e4t Nordblast Oy:n nordblastshop.com kotisivuilla. Laissa \ntapahtuvat muutokset astuvat voimaan heti sellaisenaan ellei laissa ole \ntoisin m\u00e4\u00e4r\u00e4tty.<\/p>\n\n\n\n<p>Nordblast Oy ei vastaa vahingosta, joka aiheutuu ylivoimaisesta \nesteest\u00e4. Ylivoimaisena esteen\u00e4 pidet\u00e4\u00e4n sellaista ennalta arvaamatonta \nseikkaa tai olosuhteiden muutosta, joka on Nordblast Oy \nvaikutusmahdollisuuksien ulkopuolella ja jota Nordblast Oy ei \nkohtuudella voi voittaa. Nordblast Oy on velvollinen ilmoittamaan \nAsiakkaalle niin pian kuin se on mahdollista sit\u00e4 kohdanneesta \nylivoimaisesta esteest\u00e4.<br> <br>2. ASIAKAS<\/p>\n\n\n\n<p>Nordblast Oy myy tuotteita ja palveluita t\u00e4ysi-ik\u00e4iselle \nyksityishenkil\u00f6lle (j\u00e4ljemp\u00e4n\u00e4 kuluttaja) ja huoltajan suostumuksella \nmy\u00f6s alle 18-vuotiaalle. Hy\u00f6dykkeit\u00e4 myyd\u00e4\u00e4n my\u00f6s yritys- ja \njulkishallinto- ja yhteis\u00f6asiakkaille (j\u00e4ljemp\u00e4n\u00e4 yritysasiakas), jotka \nhankkivat kauppatavaran ammatilliseen k\u00e4ytt\u00f6\u00f6n.<\/p>\n\n\n\n<p>Kuluttajakaupassa noudatetaan voimassa olevaa Suomen ja Euroopan \nUnionin kuluttajansuojalains\u00e4\u00e4d\u00e4nt\u00f6\u00e4. N\u00e4m\u00e4 sopimusehdot eiv\u00e4t ole \nvoimassa silt\u00e4 osin kuin ne rajoittavat kuluttajan oikeuksia siit\u00e4 mit\u00e4 \npakottavassa lains\u00e4\u00e4d\u00e4nn\u00f6ss\u00e4 on m\u00e4\u00e4r\u00e4tty.<\/p>\n\n\n\n<p>Yritysasiakkaiden ja Nordblast Oy:n v\u00e4lisess\u00e4 kauppasopimuksessa \nsovelletaan Suomen kauppalakia ellei n\u00e4iss\u00e4 sopimusehdoissa ole toisin \nm\u00e4\u00e4r\u00e4tty.<\/p>\n\n\n\n<p>Asiakas on velvoitettu luovuttamaan tilausta tehdess\u00e4\u00e4n t\u00e4ydelliset \nyhteystietonsa, jotka sis\u00e4lt\u00e4v\u00e4t kuluttaja-asiakkaalta v\u00e4hint\u00e4\u00e4n nimen, \nosoitteen ja puhelinnumeron sek\u00e4 mahdollisesti s\u00e4hk\u00f6postiosoitteen. \nYritysasiakkailta vaadittavat tiedot ovat yhteyshenkil\u00f6n nimi, \npuhelinnumero ja s\u00e4hk\u00f6posti sek\u00e4 y-tunnus, postiosoite, puhelinnumero \ntai \u2013numerot ja tarvittaessa laskutusosoite.<\/p>\n\n\n\n<p>Asiakkaalle l\u00e4hetet\u00e4\u00e4n ostamisen j\u00e4lkeen tuotearvostelukutsu, johon \nvastaaminen on vapaaehtoista. Kutsu sis\u00e4lt\u00e4\u00e4 ainoastaan asiakkaan jo \nostamia tuotteita. Arvostelun yhteydess\u00e4 ei n\u00e4ytet\u00e4 julkisesti asiakkaan\n yhteystietoja. Nordblast Oy k\u00e4ytt\u00e4\u00e4 arvosteluiden kautta ker\u00e4ttyj\u00e4 \ntietoja asiakaskokemuksen, tuotevalikoiman ja palveluiden kehitt\u00e4miseen.<\/p>\n\n\n\n<p>Toimitusaika-arviot on laadittu maahantuojien ja valmistajien \nantamien tietojen perusteella. Nordblast Oy tai sen k\u00e4ytt\u00e4m\u00e4t \ntoimittajat eiv\u00e4t ole vastuussa vaikutuspiirins\u00e4 ulkopuolelta tulevien \nennalta arvaamattomien muutosten aiheuttamista viiv\u00e4styksist\u00e4. Sitova \nkauppasopimus astuu voimaan tilauksen kirjauduttua Nordblast Oy:n \nj\u00e4rjestelm\u00e4\u00e4n.<\/p>\n\n\n\n<p>Tietosuoja: Asiakkaiden tiedot on tallennettu Nordblast Oy:n \nasiakasrekisteriin, jossa olevia tietoja k\u00e4ytet\u00e4\u00e4n asiakassuhteen \nyll\u00e4pit\u00e4miseen ja hoitoon. Nordblast Oy:ll\u00e4 ja sen kanssa samaan \nkonserniin kuuluvilla yhti\u00f6ill\u00e4 on lis\u00e4ksi oikeus k\u00e4sitell\u00e4 ja luovuttaa\n rekisteriss\u00e4 olevia tietoja perusteltuja k\u00e4ytt\u00f6tarkoituksia (kuten \nsuoramarkkinointia) varten henkil\u00f6tietolain (523\/99) mukaisesti. \nHenkil\u00f6tietolain mukainen rekisteriseloste on n\u00e4ht\u00e4viss\u00e4 osoitteessa \nNordblast Oy, Yritt\u00e4j\u00e4ntie 1, 21290 Rusko. Asiakas voi kielt\u00e4\u00e4 \ntietojensa k\u00e4yt\u00f6n ja k\u00e4sittelyn markkinointitarkoituksiin ja tarkistaa \nitse\u00e4\u00e4n koskevat tiedot ottamalla yhteytt\u00e4 Nordblast Oy:n \nasiakaspalveluun. Yhteydenotot on teht\u00e4v\u00e4 kirjallisena ja toimitettava \nallekirjoitettuina osoitteeseen: Nordblast Oy, Yritt\u00e4j\u00e4ntie 1, 21290 \nRusko.<\/p>\n\n\n\n<p>Ev\u00e4steiden k\u00e4ytt\u00f6 Nordblastshop.com-sivustolla k\u00e4ytet\u00e4\u00e4n ev\u00e4steit\u00e4 \n(Eng. Cookies), joiden avulla sivustoa voidaan kehitt\u00e4\u00e4 edelleen aiempaa\n k\u00e4ytt\u00e4j\u00e4yst\u00e4v\u00e4llisemm\u00e4ksi. Nordblastshop.com-sivustolla ev\u00e4steiden \nteht\u00e4v\u00e4 on helpottaa, parantaa ja nopeuttaa asiointikokemusta. Ev\u00e4steit\u00e4\n voidaan k\u00e4ytt\u00e4\u00e4 my\u00f6s parempien tarjousten ja henkil\u00f6kohtaisempien \ntuotesuositusten tarjoamiseksi asiakkaalle. Ev\u00e4ste on pieni \ntekstitiedosto, jonka Nordblastshop.comin verkkopalvelin tallentaa \nk\u00e4ytt\u00e4j\u00e4n kiintolevylle. Osa Nordblastshop.com-sivuston sis\u00e4ll\u00f6st\u00e4 \nsaattaa edellytt\u00e4\u00e4 ev\u00e4steiden hyv\u00e4ksymist\u00e4 toimiakseen. K\u00e4ytt\u00e4j\u00e4n \nverkkoselain todenn\u00e4k\u00f6isesti hyv\u00e4ksyy ev\u00e4steet valmiilla \noletusasetuksilla, mutta k\u00e4ytt\u00e4j\u00e4 voi my\u00f6s est\u00e4\u00e4 ev\u00e4steiden k\u00e4yt\u00f6n \nselaimen asetuksista, tai poistamalla ev\u00e4steet selaimesta palvelun \nk\u00e4yt\u00f6n p\u00e4\u00e4tytty\u00e4. Lis\u00e4tietoja selainkohtaisista k\u00e4ytt\u00f6ohjeista l\u00f6ytyy \nselaimen valmistajan ohjeista.<\/p>\n\n\n\n<p>3. TUOTTEET JA HINNASTO<\/p>\n\n\n\n<p>Hinnat sis\u00e4lt\u00e4v\u00e4t arvonlis\u00e4veron, mutta eiv\u00e4t kuljetusta ellei toisin\n ole mainittu. Jos hinnastossa on selvi\u00e4 hintavirheit\u00e4, tuotetta ei \nmyyd\u00e4 selv\u00e4sti alempaan hintaan, jos voidaan olettaa asiakkaan \nymm\u00e4rt\u00e4neen virheen olemassaolo.<\/p>\n\n\n\n<p>Tuotteen hinnan noustessa ennen l\u00e4hetyksen k\u00e4sittely\u00e4 Nordblast Oy:n \nNordblastshop.com:ssa tilatut tuotteet toimitetaan alkuper\u00e4isell\u00e4 \nhinnalla. Jos tilaukseen tehd\u00e4\u00e4n muutoksia, m\u00e4\u00e4r\u00e4ytyy tuotteen hinta \nmuutoshetken hinnan mukaisesti. Hinnan laskiessa toimitamme tuotteen \nautomaattisesti uudella halvemmalla hinnalla.<\/p>\n\n\n\n<p>Nordblast Oy pid\u00e4tt\u00e4\u00e4 oikeuden rajoittaa tuotteiden myynti\u00e4 \npoikkeuksellisen suurissa eriss\u00e4. Nordblast Oy ei myy tuotteitaan \nj\u00e4lleenmyyt\u00e4v\u00e4ksi.<\/p>\n\n\n\n<p>Asiakkaan toivomuksesta valmistetuille, tilatuille tai muokatuille \ntuotteille ei my\u00f6nnet\u00e4 yksipuolista peruutusoikeutta. Peruutuksen \nyhteydess\u00e4 tilauksesta mahdollisesti aiheutuneet kustannukset perit\u00e4\u00e4n \nkokonaisuudessaan ostajalta.<\/p>\n\n\n\n<p>Ammattituotteita myyd\u00e4\u00e4n kuluttajille ainoastaan yrityskaupan \ns\u00e4\u00e4nn\u00f6ill\u00e4. Tuotteiden asentaminen, k\u00e4ytt\u00f6\u00f6notto ja k\u00e4ytt\u00e4minen vaativat\n oman alansa ammattiosaamista.<\/p>\n\n\n\n<p>Tuotteet ja palvelut myyd\u00e4\u00e4n aina sellaisina kuin ne ovat. T\u00e4ss\u00e4 \ntarkoitetaan k\u00e4ytettyjen alennustuotteiden kauppaa. \n(Kuluttajansuojalaki, 5. Luku, 14\u00a7)<\/p>\n\n\n\n<p>4. MAKSUTAVAT<\/p>\n\n\n\n<p>Ajankohtainen lista maksutavoista l\u00f6ytyy Nordblastshop.com sivustolta\n osoitteesta www.nordblastshop.com\/maksutavat. Maksutavat edellytt\u00e4\u00e4 \nrekister\u00f6itymist\u00e4 asiakkaaksi Nordblast Oy:n asiakasrekisteriin.<\/p>\n\n\n\n<p>Yritysasiakkailla on mahdollisuus hakea laskutusasiakkuutta s\u00e4hk\u00f6postitse osoitteesta sales@nordblast.com<\/p>\n\n\n\n<p>Maksuehtoihin voi tutustua osoitteessa http:\/\/checkout.fi\/maksuehdot.html<\/p>\n\n\n\n<p>5. TOIMITUSTAVAT<\/p>\n\n\n\n<p>Nordblast Oy:n toimitustavoista l\u00f6yd\u00e4t lis\u00e4\u00e4 tietoa osoitteesta \nwww.nordblastshop.com\/toimitustavat. Toimituskulut vaihtelevat \ntoimitustapojen mukaan ja ovat n\u00e4ht\u00e4viss\u00e4 tilausta teht\u00e4ess\u00e4.<\/p>\n\n\n\n<p>Tilauksen k\u00e4sittelyaika on keskim\u00e4\u00e4rin 2-5 ty\u00f6p\u00e4iv\u00e4\u00e4 automaattisen \ntilausvahvistuksen l\u00e4hett\u00e4misest\u00e4. Kuljetusaika on yleens\u00e4 1-2 \narkip\u00e4iv\u00e4\u00e4. Valmiilla tilauksella tarkoitetaan tilausta, jonka kaikki \ntuotteet ovat varastossamme ja varattuina tilaukseen, sek\u00e4 tilauksen \nmaksutapa on hyv\u00e4ksytty.<\/p>\n\n\n\n<p>Nordblast Oy ei ole velvollinen varaamaan muita saman tilauksen \ntuotteita asiakkaalle, jos yhden tuotteen saatavuus on huono, tai sen \ntoimitus viiv\u00e4styy Nordblast Oy:st\u00e4 riippumattomista syist\u00e4. Kuluttaja \nvoi vaihtoehtoisesti hyv\u00e4ksy\u00e4 joko viiv\u00e4styneen tuotteen \nj\u00e4lkitoimituksen tai tilauksen perumisen. J\u00e4lkitoimituksen postikulut \nveloitetaan normaalisti. Tilauksessa olevia tuotteita varataan enint\u00e4\u00e4n 7\n p\u00e4iv\u00e4\u00e4, mink\u00e4 j\u00e4lkeen tilaus perutaan ellei asiakas ole suostunut \nj\u00e4lkitoimitukseen Nordblast Oy:n ehtojen mukaisesti.<\/p>\n\n\n\n<p>Nordblast Oy l\u00e4hett\u00e4\u00e4 tilaukset kaksi (2) kertaa viikon aikana, \nmaanantaisin sek\u00e4 torstaisin. Jos tilauksesi on kiireellinen, ota \nyhteytt\u00e4 Nordblast Oy:n asiakaspalveluun sales@nordblast.com.<\/p>\n\n\n\n<p>Asiakas on velvollinen tarkastamaan l\u00e4hetyksen 14 vuorokauden \nkuluessa ja tutustumaan tuotteen k\u00e4ytt\u00f6ohjeisiin ja \u2013ehtoihin ennen \nk\u00e4ytt\u00f6\u00f6nottoa.<\/p>\n\n\n\n<p>6. PALAUTUSOIKEUS<\/p>\n\n\n\n<p>Et\u00e4myynniss\u00e4 k\u00e4ytt\u00e4m\u00e4tt\u00f6mill\u00e4 tuotteille on kuluttajasuojalain 6. \nluvun mukainen 32 vuorokauden palautusoikeus. Lain tarkoituksena on \nantaa kuluttajalle oikeus tutustua tuotteeseen niin kuin se on \nmahdollista myym\u00e4l\u00e4ss\u00e4. Nordblast Oy my\u00f6nt\u00e4\u00e4 asiakkaalle lain hengen \nmukaisesti oikeuden tutustua pakkauksen sis\u00e4lt\u00f6\u00f6n. Tuotepakkauksen \navaaminen tulee suorittaa yleist\u00e4 varovaisuutta noudattaen.<\/p>\n\n\n\n<p>Rajoitukset palautusoikeudessa kuluttajansuojalain 6. luvun 16 \u00a7 mukaisesti:<\/p>\n\n\n\n<p>Tuotteelle ei my\u00f6nnet\u00e4 palautus- ja\/tai peruutusoikeutta, jos se on \nerityisesti ostajan toivomuksesta valmistettu, tilattu tai muokattu \nhy\u00f6dyke, kun ty\u00f6n suorittaminen on ehditty aloittaa tai juuri asiakasta \nvarten hankittavan tuotteen ostotilaus on valmistunut.<br>Asiakaspalautukset\n ja huoltotoimitukset tulee l\u00e4hett\u00e4\u00e4 aina postin ilmaisella \nasiakaspalautuksella, tai Matkahuollon asiakaspalautuksella. \nToimitusmuotona on k\u00e4ytett\u00e4v\u00e4 pakettia, koska kirjeille ei ole olemassa \nl\u00e4hetysseurantaa. Palautuksen tai huoltotoimituksen mukaan tulee \ntoimittaa t\u00e4ydellisen\u00e4 t\u00e4ytetty Nordblast Oy:n palautuslomake.<\/p>\n\n\n\n<p>Asiakas on velvollinen s\u00e4ilytt\u00e4m\u00e4\u00e4n palautusasiakirjoista tarvittavat\n kopiot. Postin asiakaspalautuksesta saatava \npakettil\u00e4hetysseurantatunnus on ainoa keino l\u00e4hett\u00e4misen todistamiseksi.<\/p>\n\n\n\n<p>Asiakkaan tulee maksaa kaikki l\u00e4hetettyjen palautuksien ja \nhuoltotoimitusten kustannukset. Asiakkaan tulee ottaa yhteytt\u00e4 Nordblast\n Oy:n huoltoon ennen palautuksia\/ huoltotoimituksia.<\/p>\n\n\n\n<p>Pakkaaminen on l\u00e4hett\u00e4j\u00e4n vastuulla. Tuotteet tulee pakata \nhuolellisesti, jotta tuotteet eiv\u00e4t vahingoitu kuljetuksessa. Tuotteiden\n ymp\u00e4rille tulee laittaa v\u00e4hint\u00e4\u00e4n 10 cm pehmustetta. Nordblast Oy \nsuosittelee k\u00e4ytt\u00e4m\u00e4\u00e4n aina tuotteen alkuper\u00e4ist\u00e4 pakkausta, jonka \nvalmistaja on suunnitellut tuotteen turvalliseen kuljettamiseen.<\/p>\n\n\n\n<p>Nordblast Oy ei ole vastuussa huolimattomasti ja sopimusehtojen \nvastaisesti pakattujen palautusten vahingoittumisesta. Asiakkaan \npuolelta tulleesta virheest\u00e4 aiheutuneet kustannukset perit\u00e4\u00e4n \nasiakkaalta.<\/p>\n\n\n\n<p>Nordblast Oy pid\u00e4tt\u00e4\u00e4 oikeuden peri\u00e4 kustannukset asiakkaalta, jos \nasiakaspalautus on tehty aiheetta tai sopimusehtojen vastaisesti. \nAsiakkaalta perit\u00e4\u00e4n Nordblast Oy:n k\u00e4sittely- ja postituskulut.<\/p>\n\n\n\n<p>7. TAKUU JA VIRHEVASTUU<\/p>\n\n\n\n<p>Takuu m\u00e4\u00e4r\u00e4ytyy valmistajan m\u00e4\u00e4rittelemien takuuehtojen mukaisesti. \nOstaja on velvollinen tutustumaan tuotteen mukana toimitettuihin \ntakuuehtoihin ennen tuotteen k\u00e4ytt\u00f6\u00f6nottoa. Takuuehdot l\u00f6ytyv\u00e4t \nk\u00e4ytt\u00f6ohjeista, erillisest\u00e4 takuulomakkeesta tai valmistajan \nosoittamasta verkko-osoitteesta.<\/p>\n\n\n\n<p>Nordblast Oy pid\u00e4tt\u00e4\u00e4 oikeuden todentaa tuotteissa ilmoitetut \nvirheet. Testaamista ei suoriteta odottaessa. T\u00e4h\u00e4n on varattava aina \n3-5 arkip\u00e4iv\u00e4\u00e4.<\/p>\n\n\n\n<p>Huoltopaikka m\u00e4\u00e4r\u00e4ytyy valmistajan tai maahantuojan takuuehtojen \nmukaisesti. Nordblast Oy ohjaa asiakkaansa ottamaan suoraan yhteyden \nvalmistajaan tai t\u00e4m\u00e4n valtuuttamaan huoltoliikkeeseen, jos t\u00e4st\u00e4 \nvoidaan katsoa olevan etua asiakkaalle. Kuluttajalla on my\u00f6s \nmahdollisuus toimittaa tuote Nordblast Oy:n kautta huoltoon. Nordblast \nOy katsoo, ett\u00e4 asiakas tiedostaa toimittaessaan tuotteen huoltomme \nkautta korjattavaksi, ett\u00e4 huoltoaika on logistiikkaan kuluvan ajan \nverran pidempi.<\/p>\n\n\n\n<p>Huoltoaika-arvio Suomessa suoritettavassa huoltoprosessissa on 10-15 \narkip\u00e4iv\u00e4\u00e4. Osa Nordblast Oy:ss\u00e4 myyt\u00e4vist\u00e4 tuotteista joudutaan \ntoimittamaan ulkomaille huoltoon, koska Suomessa ei ole valmistajan \nvaltuuttamaa huoltoa. T\u00e4ll\u00f6in arvioitu huoltoprosessi on 10-20 \narkip\u00e4iv\u00e4\u00e4.<\/p>\n\n\n\n<p>Aiheettoman huoltok\u00e4ynnin kustannukset kustannukset perit\u00e4\u00e4n \nkokonaisuudessaan ostajalta, jos tuote on toimitettu selv\u00e4sti aiheetta \ntakuuhuoltoon. Nordblast Oy ei ole vastuussa ostajan toimista \naiheutuneista vahingoista. Oikeus tuotteessa olevan vian luonteen ja \nlaadun tarkastamiseen s\u00e4ilyy Nordblast Oy:ll\u00e4 my\u00f6s kaupan perumisen \nyhteydess\u00e4. Aiheettoman huollon kuluina perit\u00e4\u00e4n mahdolliset \nhuoltoyhti\u00f6n kulut, Nordblast Oy:n k\u00e4sittelykulut ja logistiset \nkustannukset.<\/p>\n\n\n\n<p>Tuotteen fyysinen avaaminen laitteen muokkaamiseksi p\u00e4\u00e4tt\u00e4\u00e4 takuun ja\n laissa m\u00e4\u00e4ritellyn virhevastuun ellei valmistaja ole toisin \nilmoittanut.<\/p>\n\n\n\n<p>Huoltomme s\u00e4ilytt\u00e4\u00e4 tuotteita kolme (3) kuukautta asiakkaalle \nhuollon\/ty\u00f6n valmistumisesta toimitetun ilmoituksen j\u00e4lkeen. T\u00e4m\u00e4n \nj\u00e4lkeen tuote kierr\u00e4tet\u00e4\u00e4n. (Laki elinkeinonharjoittajan oikeudesta \nmyyd\u00e4 noutamatta j\u00e4tetty esine)<\/p>\n\n\n\n<p>8. REKLAMAATIO<\/p>\n\n\n\n<p>Asiakas on velvollinen esitt\u00e4m\u00e4\u00e4n ostotodistuksen, kuitin tai muun \ntodistuksen ostopaikasta ja \u2013ajankohdasta palautuksen yhteydess\u00e4 tai \nreklamoidessaan tavaran virheest\u00e4. Nordblast Oy pid\u00e4tt\u00e4\u00e4 oikeuden peri\u00e4 \nkuitin etsinn\u00e4n aiheuttamat kustannukset ostajalta.<\/p>\n\n\n\n<p>Reklamaatiot k\u00e4sitell\u00e4\u00e4n ainoastaan kirjallisesti. Vapaamuotoisen \nreklamaation voi toimittaa joko s\u00e4hk\u00f6postilla osoitteeseen \nsales@nordblast.com tai kirjeen\u00e4 Ruskon toimipisteeseen. Verkkosivulla \non mahdollisuus j\u00e4tt\u00e4\u00e4 asiakaspalautetta.<\/p>\n\n\n\n<p>Erimielisyyksien ratkaiseminen ja oikeuspaikka: Kuluttaja-asiakkaalla\n on oikeus saattaa t\u00e4st\u00e4 sopimuksesta syntyv\u00e4t erimielisyydet \nkuluttajariitalautakunnan ratkaistavaksi. Asiakas voi nostaa t\u00e4st\u00e4 \nvelkasuhteesta aiheutuvia riitaisuuksia koskevan kanteen Nordblast Oy:t\u00e4\n vastaan joko Nordblast Oy:n kotipaikan k\u00e4r\u00e4j\u00e4oikeudessa tai sen \nSuomessa sijaitsevan paikkakunnan k\u00e4r\u00e4j\u00e4oikeudessa, jonka tuomiopiiriss\u00e4\n h\u00e4nell\u00e4 on asuinpaikkansa. Jollei Asiakkaalla ole asuinpaikkaa \nSuomessa, riitaisuudet k\u00e4sitell\u00e4\u00e4n Nordblast Oy:n kotipaikan \nk\u00e4r\u00e4j\u00e4oikeudessa.<\/p>\n\n\n\n<p>Asiamieskuluja ei korvata, koska Kuluttajaneuvonta ja \nkuluttajariitalautakunta tarjoaa veloituksetta apua erimielisyyksien \nratkaisemiseen.<\/p>\n\n\n\n<p>9. VASTUUN JAKAUTUMINEN YRITYSKAUPASSA<\/p>\n\n\n\n<p>Tuotteet ja palvelut myyd\u00e4\u00e4n aina sellaisena kuin ne ovat. Nordblast \nOy ei ole vastuussa tuotteiden tai palveluiden virheest\u00e4 ja\/tai k\u00e4yt\u00f6st\u00e4\n aiheutuneista v\u00e4lillisist\u00e4 tai v\u00e4litt\u00f6mist\u00e4 kuluista, eik\u00e4 \ntulonmenetyksest\u00e4. Nordblast Oy:n korvausvastuu rajoittuu aina n\u00e4iden \nsopimusehtojen sis\u00e4lt\u00f6\u00f6n. Tuotevirhevastuu rajoittuu mahdolliseen \nkauppahinnan palauttamiseen k\u00e4ytt\u00f6hy\u00f6dyll\u00e4 v\u00e4hennettyn\u00e4.<\/p>\n\n\n\n<p>Yritysk\u00e4ytt\u00f6\u00f6n hankitun laitteen takuuaika m\u00e4\u00e4r\u00e4ytyy valmistajan \ntakuuehtojen mukaisesti, ja takuuajan p\u00e4\u00e4ttyminen lopettaa Nordblast \nOy:n vastuun. Tuotteen fyysinen avaaminen laitteen muokkaamiseksi \np\u00e4\u00e4tt\u00e4\u00e4 takuun ja myyj\u00e4n vastuun ellei valmistaja ole toisin \nilmoittanut.<\/p>\n\n\n\n<p>Nordblast Oy pid\u00e4tt\u00e4\u00e4 oikeuden ohjata yritysasiakkaat asioimaan \nsuoraan valmistajan tai valmistajan valtuuttaman huoltoliikkeen kanssa. \nLis\u00e4tietoja huolloista voi pyyt\u00e4\u00e4 Nordblast Oy:lt\u00e4.<\/p>\n\n\n\n<p>Huoltomme s\u00e4ilytt\u00e4\u00e4 tuotteita kolme (3) kuukautta asiakkaalle \nhuollon\/ty\u00f6n valmistumisesta toimitetun ilmoituksen j\u00e4lkeen. T\u00e4m\u00e4n \nj\u00e4lkeen tuote kierr\u00e4tet\u00e4\u00e4n.<\/p>\n\n\n\n<p>Nordblast Oy ei ole velvollinen t\u00e4ytt\u00e4m\u00e4\u00e4n sopimusta, jos se kohtaa \nylivoimaisen esteen, jota se ei voi kohtuudella voittaa. Nordblast Oy ei\n ole velvollinen korvaamaan asiakkaalle ylivoimaisen esteen kohdalla \nasiakkaalle aiheutuvaa vahinkoa tai kustannuksia, ja on oikeutettu \npurkamaan sopimuksen.<\/p>\n\n\n\n<p>J\u00e4tt\u00e4ess\u00e4\u00e4n tilauksen ja\/tai tarjouspyynn\u00f6n asiakas hyv\u00e4ksyy \nkiistattomasti Nordblast Oy:n sopimusehdot. Mahdollisia asiakkaan \nk\u00e4ytt\u00e4mi\u00e4 hankintasopimusehtoja ei noudateta niiden ollessa \nristiriidassa Nordblast Oy:n sopimusehtojen kanssa.<\/p>\n","protected":false},"excerpt":{"rendered":"<p>Ehdot ovat voimassa 30.10.2015 alkaen. 1. YLEISET EHDOT Nordblastshop.com on Nordblast Oy:n yll\u00e4pit\u00e4m\u00e4 markkinapaikka, jossa hy\u00f6dykkeiden myyj\u00e4n\u00e4 on joko Nordblast Oy, Rusko (Y: 2196701-8. Seuraavia sopimusehtoja sovelletaan Nordblast Oy:n ja sen asiakkaiden v\u00e4lisess\u00e4 kauppasuhteessa. Nordblast Oy:n v\u00e4litt\u00e4mien kolmannen osapuolen hy\u00f6dykkeiden kohdalla sovelletaan kuluttajasuojalain lis\u00e4ksi kyseisen palveluntarjoajan m\u00e4\u00e4rittelemi\u00e4 sopimusehtoja. Nordblast Oy pid\u00e4tt\u00e4\u00e4 oikeuden muuttaa n\u00e4it\u00e4 sopimusehtoja [&hellip;]<\/p>\n","protected":false},"author":1,"featured_media":0,"parent":0,"menu_order":0,"comment_status":"closed","ping_status":"closed","template":"","meta":{"footnotes":""},"class_list":["post-99","page","type-page","status-publish","hentry","wpbf-post"],"yoast_head":"<!-- This site is optimized with the Yoast SEO plugin v27.4 - https:\/\/yoast.com\/product\/yoast-seo-wordpress\/ -->\n<title>Nordblast Shop -verkkokaupan tilaus- ja sopimusehdot - Nordblast Shop<\/title>\n<meta name=\"robots\" content=\"index, follow, max-snippet:-1, max-image-preview:large, max-video-preview:-1\" \/>\n<link rel=\"canonical\" href=\"https:\/\/www.nordblastshop.com\/fi\/nordblast-shop-verkkokaupan-tilaus-ja-sopimusehdot\/\" \/>\n<meta property=\"og:locale\" content=\"fi_FI\" \/>\n<meta property=\"og:type\" content=\"article\" \/>\n<meta property=\"og:title\" content=\"Nordblast Shop -verkkokaupan tilaus- ja sopimusehdot - Nordblast Shop\" \/>\n<meta property=\"og:description\" content=\"Ehdot ovat voimassa 30.10.2015 alkaen. 1. YLEISET EHDOT Nordblastshop.com on Nordblast Oy:n yll\u00e4pit\u00e4m\u00e4 markkinapaikka, jossa hy\u00f6dykkeiden myyj\u00e4n\u00e4 on joko Nordblast Oy, Rusko (Y: 2196701-8. Seuraavia sopimusehtoja sovelletaan Nordblast Oy:n ja sen asiakkaiden v\u00e4lisess\u00e4 kauppasuhteessa. Nordblast Oy:n v\u00e4litt\u00e4mien kolmannen osapuolen hy\u00f6dykkeiden kohdalla sovelletaan kuluttajasuojalain lis\u00e4ksi kyseisen palveluntarjoajan m\u00e4\u00e4rittelemi\u00e4 sopimusehtoja. Nordblast Oy pid\u00e4tt\u00e4\u00e4 oikeuden muuttaa n\u00e4it\u00e4 sopimusehtoja [&hellip;]\" \/>\n<meta property=\"og:url\" content=\"https:\/\/www.nordblastshop.com\/fi\/nordblast-shop-verkkokaupan-tilaus-ja-sopimusehdot\/\" \/>\n<meta property=\"og:site_name\" content=\"Nordblast Shop\" \/>\n<meta property=\"article:modified_time\" content=\"2020-03-27T09:06:14+00:00\" \/>\n<meta name=\"twitter:card\" content=\"summary_large_image\" \/>\n<meta name=\"twitter:label1\" content=\"Arvioitu lukuaika\" \/>\n\t<meta name=\"twitter:data1\" content=\"10 minuuttia\" \/>\n<!-- \/ Yoast SEO plugin. -->","yoast_head_json":{"title":"Nordblast Shop -verkkokaupan tilaus- ja sopimusehdot - Nordblast Shop","robots":{"index":"index","follow":"follow","max-snippet":"max-snippet:-1","max-image-preview":"max-image-preview:large","max-video-preview":"max-video-preview:-1"},"canonical":"https:\/\/www.nordblastshop.com\/fi\/nordblast-shop-verkkokaupan-tilaus-ja-sopimusehdot\/","og_locale":"fi_FI","og_type":"article","og_title":"Nordblast Shop -verkkokaupan tilaus- ja sopimusehdot - Nordblast Shop","og_description":"Ehdot ovat voimassa 30.10.2015 alkaen. 1. YLEISET EHDOT Nordblastshop.com on Nordblast Oy:n yll\u00e4pit\u00e4m\u00e4 markkinapaikka, jossa hy\u00f6dykkeiden myyj\u00e4n\u00e4 on joko Nordblast Oy, Rusko (Y: 2196701-8. Seuraavia sopimusehtoja sovelletaan Nordblast Oy:n ja sen asiakkaiden v\u00e4lisess\u00e4 kauppasuhteessa. Nordblast Oy:n v\u00e4litt\u00e4mien kolmannen osapuolen hy\u00f6dykkeiden kohdalla sovelletaan kuluttajasuojalain lis\u00e4ksi kyseisen palveluntarjoajan m\u00e4\u00e4rittelemi\u00e4 sopimusehtoja. Nordblast Oy pid\u00e4tt\u00e4\u00e4 oikeuden muuttaa n\u00e4it\u00e4 sopimusehtoja [&hellip;]","og_url":"https:\/\/www.nordblastshop.com\/fi\/nordblast-shop-verkkokaupan-tilaus-ja-sopimusehdot\/","og_site_name":"Nordblast Shop","article_modified_time":"2020-03-27T09:06:14+00:00","twitter_card":"summary_large_image","twitter_misc":{"Arvioitu lukuaika":"10 minuuttia"},"schema":{"@context":"https:\/\/schema.org","@graph":[{"@type":"WebPage","@id":"https:\/\/www.nordblastshop.com\/fi\/nordblast-shop-verkkokaupan-tilaus-ja-sopimusehdot\/","url":"https:\/\/www.nordblastshop.com\/fi\/nordblast-shop-verkkokaupan-tilaus-ja-sopimusehdot\/","name":"Nordblast Shop -verkkokaupan tilaus- ja sopimusehdot - Nordblast Shop","isPartOf":{"@id":"https:\/\/www.nordblastshop.com\/fi\/#website"},"datePublished":"2020-03-27T09:06:12+00:00","dateModified":"2020-03-27T09:06:14+00:00","breadcrumb":{"@id":"https:\/\/www.nordblastshop.com\/fi\/nordblast-shop-verkkokaupan-tilaus-ja-sopimusehdot\/#breadcrumb"},"inLanguage":"fi","potentialAction":[{"@type":"ReadAction","target":["https:\/\/www.nordblastshop.com\/fi\/nordblast-shop-verkkokaupan-tilaus-ja-sopimusehdot\/"]}]},{"@type":"BreadcrumbList","@id":"https:\/\/www.nordblastshop.com\/fi\/nordblast-shop-verkkokaupan-tilaus-ja-sopimusehdot\/#breadcrumb","itemListElement":[{"@type":"ListItem","position":1,"name":"Home","item":"https:\/\/www.nordblastshop.com\/fi\/"},{"@type":"ListItem","position":2,"name":"Nordblast Shop -verkkokaupan tilaus- ja sopimusehdot"}]},{"@type":"WebSite","@id":"https:\/\/www.nordblastshop.com\/fi\/#website","url":"https:\/\/www.nordblastshop.com\/fi\/","name":"Nordblast Shop","description":"Uusi Nordblastshop-sivustot -sivusto","publisher":{"@id":"https:\/\/www.nordblastshop.com\/fi\/#organization"},"potentialAction":[{"@type":"SearchAction","target":{"@type":"EntryPoint","urlTemplate":"https:\/\/www.nordblastshop.com\/fi\/?s={search_term_string}"},"query-input":{"@type":"PropertyValueSpecification","valueRequired":true,"valueName":"search_term_string"}}],"inLanguage":"fi"},{"@type":"Organization","@id":"https:\/\/www.nordblastshop.com\/fi\/#organization","name":"Nordblast Shop","url":"https:\/\/www.nordblastshop.com\/fi\/","logo":{"@type":"ImageObject","inLanguage":"fi","@id":"https:\/\/www.nordblastshop.com\/fi\/#\/schema\/logo\/image\/","url":"https:\/\/www.nordblastshop.com\/fi\/wp-content\/uploads\/sites\/2\/2020\/03\/Nordblast-logo.png","contentUrl":"https:\/\/www.nordblastshop.com\/fi\/wp-content\/uploads\/sites\/2\/2020\/03\/Nordblast-logo.png","width":315,"height":51,"caption":"Nordblast Shop"},"image":{"@id":"https:\/\/www.nordblastshop.com\/fi\/#\/schema\/logo\/image\/"}}]}},"_links":{"self":[{"href":"https:\/\/www.nordblastshop.com\/fi\/wp-json\/wp\/v2\/pages\/99","targetHints":{"allow":["GET"]}}],"collection":[{"href":"https:\/\/www.nordblastshop.com\/fi\/wp-json\/wp\/v2\/pages"}],"about":[{"href":"https:\/\/www.nordblastshop.com\/fi\/wp-json\/wp\/v2\/types\/page"}],"author":[{"embeddable":true,"href":"https:\/\/www.nordblastshop.com\/fi\/wp-json\/wp\/v2\/users\/1"}],"replies":[{"embeddable":true,"href":"https:\/\/www.nordblastshop.com\/fi\/wp-json\/wp\/v2\/comments?post=99"}],"version-history":[{"count":1,"href":"https:\/\/www.nordblastshop.com\/fi\/wp-json\/wp\/v2\/pages\/99\/revisions"}],"predecessor-version":[{"id":100,"href":"https:\/\/www.nordblastshop.com\/fi\/wp-json\/wp\/v2\/pages\/99\/revisions\/100"}],"wp:attachment":[{"href":"https:\/\/www.nordblastshop.com\/fi\/wp-json\/wp\/v2\/media?parent=99"}],"curies":[{"name":"wp","href":"https:\/\/api.w.org\/{rel}","templated":true}]}}