{"id":97,"date":"2020-03-27T11:05:15","date_gmt":"2020-03-27T09:05:15","guid":{"rendered":"https:\/\/www.nordblastshop.com\/fi\/?page_id=97"},"modified":"2020-03-27T11:05:16","modified_gmt":"2020-03-27T09:05:16","slug":"nordblast-on-kasvava-ja-innovatiivinen-yritys","status":"publish","type":"page","link":"https:\/\/www.nordblastshop.com\/fi\/nordblast-on-kasvava-ja-innovatiivinen-yritys\/","title":{"rendered":"Nordblast on kasvava ja innovatiivinen yritys"},"content":{"rendered":"\n<p>Nordblast on kasvava ja innovatiivinen yritys, joka kehitt\u00e4\u00e4 \nlaitteitaan, tuotevalikoimaansa ja palveluitaan jatkuvasti. T\u00e4ll\u00e4 \nhetkell\u00e4 valikoimiimme kuuluu kolme omaa laitetta ja pintak\u00e4sittelyyn \nliittyvi\u00e4 tuotteita, joista suurinta osaa tuomme itse maahan.<\/p>\n\n\n\n<p>Olemme pohjoismaiden ainoa hieno- ja soodapuhalluslaitteita \nteollisesti valmistava yritys. Asiakkainamme ovat ymp\u00e4ri Eurooppaa niin \nyritykset, yksityiset ihmiset kuin julkisensektorinkin avuntarvitsijat \nmaalin ja ep\u00e4puhtauksien poistossa.<\/p>\n\n\n\n<p>Etsimme jatkuvasti yhteisty\u00f6kumppaneita vientiin ja tuontiin ymp\u00e4ri \nmaailmaa. Nordblast puhalluslaitteet ovat korkeatasoisia ja \nhelppok\u00e4ytt\u00f6isi\u00e4.<\/p>\n","protected":false},"excerpt":{"rendered":"<p>Nordblast on kasvava ja innovatiivinen yritys, joka kehitt\u00e4\u00e4 laitteitaan, tuotevalikoimaansa ja palveluitaan jatkuvasti. T\u00e4ll\u00e4 hetkell\u00e4 valikoimiimme kuuluu kolme omaa laitetta ja pintak\u00e4sittelyyn liittyvi\u00e4 tuotteita, joista suurinta osaa tuomme itse maahan. Olemme pohjoismaiden ainoa hieno- ja soodapuhalluslaitteita teollisesti valmistava yritys. Asiakkainamme ovat ymp\u00e4ri Eurooppaa niin yritykset, yksityiset ihmiset kuin julkisensektorinkin avuntarvitsijat maalin ja ep\u00e4puhtauksien poistossa. Etsimme [&hellip;]<\/p>\n","protected":false},"author":1,"featured_media":0,"parent":0,"menu_order":0,"comment_status":"closed","ping_status":"closed","template":"","meta":{"footnotes":""},"class_list":["post-97","page","type-page","status-publish","hentry","wpbf-post"],"yoast_head":"<!-- This site is optimized with the Yoast SEO plugin v27.4 - https:\/\/yoast.com\/product\/yoast-seo-wordpress\/ -->\n<title>Nordblast on kasvava ja innovatiivinen yritys - Nordblast Shop<\/title>\n<meta name=\"robots\" content=\"index, follow, max-snippet:-1, max-image-preview:large, max-video-preview:-1\" \/>\n<link rel=\"canonical\" href=\"https:\/\/www.nordblastshop.com\/fi\/nordblast-on-kasvava-ja-innovatiivinen-yritys\/\" \/>\n<meta property=\"og:locale\" content=\"fi_FI\" \/>\n<meta property=\"og:type\" content=\"article\" \/>\n<meta property=\"og:title\" content=\"Nordblast on kasvava ja innovatiivinen yritys - Nordblast Shop\" \/>\n<meta property=\"og:description\" content=\"Nordblast on kasvava ja innovatiivinen yritys, joka kehitt\u00e4\u00e4 laitteitaan, tuotevalikoimaansa ja palveluitaan jatkuvasti. T\u00e4ll\u00e4 hetkell\u00e4 valikoimiimme kuuluu kolme omaa laitetta ja pintak\u00e4sittelyyn liittyvi\u00e4 tuotteita, joista suurinta osaa tuomme itse maahan. Olemme pohjoismaiden ainoa hieno- ja soodapuhalluslaitteita teollisesti valmistava yritys. Asiakkainamme ovat ymp\u00e4ri Eurooppaa niin yritykset, yksityiset ihmiset kuin julkisensektorinkin avuntarvitsijat maalin ja ep\u00e4puhtauksien poistossa. Etsimme [&hellip;]\" \/>\n<meta property=\"og:url\" content=\"https:\/\/www.nordblastshop.com\/fi\/nordblast-on-kasvava-ja-innovatiivinen-yritys\/\" \/>\n<meta property=\"og:site_name\" content=\"Nordblast Shop\" \/>\n<meta property=\"article:modified_time\" content=\"2020-03-27T09:05:16+00:00\" \/>\n<meta name=\"twitter:card\" content=\"summary_large_image\" \/>\n<!-- \/ Yoast SEO plugin. -->","yoast_head_json":{"title":"Nordblast on kasvava ja innovatiivinen yritys - Nordblast Shop","robots":{"index":"index","follow":"follow","max-snippet":"max-snippet:-1","max-image-preview":"max-image-preview:large","max-video-preview":"max-video-preview:-1"},"canonical":"https:\/\/www.nordblastshop.com\/fi\/nordblast-on-kasvava-ja-innovatiivinen-yritys\/","og_locale":"fi_FI","og_type":"article","og_title":"Nordblast on kasvava ja innovatiivinen yritys - Nordblast Shop","og_description":"Nordblast on kasvava ja innovatiivinen yritys, joka kehitt\u00e4\u00e4 laitteitaan, tuotevalikoimaansa ja palveluitaan jatkuvasti. T\u00e4ll\u00e4 hetkell\u00e4 valikoimiimme kuuluu kolme omaa laitetta ja pintak\u00e4sittelyyn liittyvi\u00e4 tuotteita, joista suurinta osaa tuomme itse maahan. Olemme pohjoismaiden ainoa hieno- ja soodapuhalluslaitteita teollisesti valmistava yritys. Asiakkainamme ovat ymp\u00e4ri Eurooppaa niin yritykset, yksityiset ihmiset kuin julkisensektorinkin avuntarvitsijat maalin ja ep\u00e4puhtauksien poistossa. Etsimme [&hellip;]","og_url":"https:\/\/www.nordblastshop.com\/fi\/nordblast-on-kasvava-ja-innovatiivinen-yritys\/","og_site_name":"Nordblast Shop","article_modified_time":"2020-03-27T09:05:16+00:00","twitter_card":"summary_large_image","schema":{"@context":"https:\/\/schema.org","@graph":[{"@type":"WebPage","@id":"https:\/\/www.nordblastshop.com\/fi\/nordblast-on-kasvava-ja-innovatiivinen-yritys\/","url":"https:\/\/www.nordblastshop.com\/fi\/nordblast-on-kasvava-ja-innovatiivinen-yritys\/","name":"Nordblast on kasvava ja innovatiivinen yritys - Nordblast Shop","isPartOf":{"@id":"https:\/\/www.nordblastshop.com\/fi\/#website"},"datePublished":"2020-03-27T09:05:15+00:00","dateModified":"2020-03-27T09:05:16+00:00","breadcrumb":{"@id":"https:\/\/www.nordblastshop.com\/fi\/nordblast-on-kasvava-ja-innovatiivinen-yritys\/#breadcrumb"},"inLanguage":"fi","potentialAction":[{"@type":"ReadAction","target":["https:\/\/www.nordblastshop.com\/fi\/nordblast-on-kasvava-ja-innovatiivinen-yritys\/"]}]},{"@type":"BreadcrumbList","@id":"https:\/\/www.nordblastshop.com\/fi\/nordblast-on-kasvava-ja-innovatiivinen-yritys\/#breadcrumb","itemListElement":[{"@type":"ListItem","position":1,"name":"Home","item":"https:\/\/www.nordblastshop.com\/fi\/"},{"@type":"ListItem","position":2,"name":"Nordblast on kasvava ja innovatiivinen yritys"}]},{"@type":"WebSite","@id":"https:\/\/www.nordblastshop.com\/fi\/#website","url":"https:\/\/www.nordblastshop.com\/fi\/","name":"Nordblast Shop","description":"Uusi Nordblastshop-sivustot -sivusto","publisher":{"@id":"https:\/\/www.nordblastshop.com\/fi\/#organization"},"potentialAction":[{"@type":"SearchAction","target":{"@type":"EntryPoint","urlTemplate":"https:\/\/www.nordblastshop.com\/fi\/?s={search_term_string}"},"query-input":{"@type":"PropertyValueSpecification","valueRequired":true,"valueName":"search_term_string"}}],"inLanguage":"fi"},{"@type":"Organization","@id":"https:\/\/www.nordblastshop.com\/fi\/#organization","name":"Nordblast Shop","url":"https:\/\/www.nordblastshop.com\/fi\/","logo":{"@type":"ImageObject","inLanguage":"fi","@id":"https:\/\/www.nordblastshop.com\/fi\/#\/schema\/logo\/image\/","url":"https:\/\/www.nordblastshop.com\/fi\/wp-content\/uploads\/sites\/2\/2020\/03\/Nordblast-logo.png","contentUrl":"https:\/\/www.nordblastshop.com\/fi\/wp-content\/uploads\/sites\/2\/2020\/03\/Nordblast-logo.png","width":315,"height":51,"caption":"Nordblast Shop"},"image":{"@id":"https:\/\/www.nordblastshop.com\/fi\/#\/schema\/logo\/image\/"}}]}},"_links":{"self":[{"href":"https:\/\/www.nordblastshop.com\/fi\/wp-json\/wp\/v2\/pages\/97","targetHints":{"allow":["GET"]}}],"collection":[{"href":"https:\/\/www.nordblastshop.com\/fi\/wp-json\/wp\/v2\/pages"}],"about":[{"href":"https:\/\/www.nordblastshop.com\/fi\/wp-json\/wp\/v2\/types\/page"}],"author":[{"embeddable":true,"href":"https:\/\/www.nordblastshop.com\/fi\/wp-json\/wp\/v2\/users\/1"}],"replies":[{"embeddable":true,"href":"https:\/\/www.nordblastshop.com\/fi\/wp-json\/wp\/v2\/comments?post=97"}],"version-history":[{"count":1,"href":"https:\/\/www.nordblastshop.com\/fi\/wp-json\/wp\/v2\/pages\/97\/revisions"}],"predecessor-version":[{"id":98,"href":"https:\/\/www.nordblastshop.com\/fi\/wp-json\/wp\/v2\/pages\/97\/revisions\/98"}],"wp:attachment":[{"href":"https:\/\/www.nordblastshop.com\/fi\/wp-json\/wp\/v2\/media?parent=97"}],"curies":[{"name":"wp","href":"https:\/\/api.w.org\/{rel}","templated":true}]}}