{"id":104,"date":"2020-03-27T11:11:02","date_gmt":"2020-03-27T09:11:02","guid":{"rendered":"https:\/\/www.nordblastshop.com\/fi\/?page_id=104"},"modified":"2025-10-14T11:22:10","modified_gmt":"2025-10-14T08:22:10","slug":"yhteystiedot","status":"publish","type":"page","link":"https:\/\/www.nordblastshop.com\/fi\/yhteystiedot\/","title":{"rendered":"Yhteystiedot"},"content":{"rendered":"\n<p>Suosittelemme aina s\u00e4hk\u00f6postin k\u00e4ytt\u00f6\u00e4 yhteydenottoon &#8211; se on halvin,\n helpoin ja nopein tapa. Pyrimme vastaamaan kaikkiin s\u00e4hk\u00f6posteihin \nsaman ty\u00f6p\u00e4iv\u00e4n aikana.<\/p>\n\n\n\n<p>Meid\u00e4t tavoittaa s\u00e4hk\u00f6postilla osoitteesta&nbsp;<a href=\"mailto:sales@nordblast.com\">sales@nordblast.com<\/a><\/p>\n\n\n\n<h3 class=\"wp-block-heading\">Nordblast Oy<\/h3>\n\n\n\n<p>Messinkikatu 2,<\/p>\n\n\n\n<p>20380 turku<\/p>\n\n\n\n<p>FINLAND<\/p>\n\n\n\n<p>Y: 2196701-8<\/p>\n","protected":false},"excerpt":{"rendered":"<p>Suosittelemme aina s\u00e4hk\u00f6postin k\u00e4ytt\u00f6\u00e4 yhteydenottoon &#8211; se on halvin, helpoin ja nopein tapa. Pyrimme vastaamaan kaikkiin s\u00e4hk\u00f6posteihin saman ty\u00f6p\u00e4iv\u00e4n aikana. Meid\u00e4t tavoittaa s\u00e4hk\u00f6postilla osoitteesta&nbsp;sales@nordblast.com Nordblast Oy Messinkikatu 2, 20380 turku FINLAND Y: 2196701-8<\/p>\n","protected":false},"author":1,"featured_media":0,"parent":0,"menu_order":0,"comment_status":"closed","ping_status":"closed","template":"","meta":{"footnotes":""},"class_list":["post-104","page","type-page","status-publish","hentry","wpbf-post"],"yoast_head":"<!-- This site is optimized with the Yoast SEO plugin v27.4 - https:\/\/yoast.com\/product\/yoast-seo-wordpress\/ -->\n<title>Yhteystiedot - Nordblast Shop<\/title>\n<meta name=\"robots\" content=\"index, follow, max-snippet:-1, max-image-preview:large, max-video-preview:-1\" \/>\n<link rel=\"canonical\" href=\"https:\/\/www.nordblastshop.com\/fi\/yhteystiedot\/\" \/>\n<meta property=\"og:locale\" content=\"fi_FI\" \/>\n<meta property=\"og:type\" content=\"article\" \/>\n<meta property=\"og:title\" content=\"Yhteystiedot - Nordblast Shop\" \/>\n<meta property=\"og:description\" content=\"Suosittelemme aina s\u00e4hk\u00f6postin k\u00e4ytt\u00f6\u00e4 yhteydenottoon &#8211; se on halvin, helpoin ja nopein tapa. Pyrimme vastaamaan kaikkiin s\u00e4hk\u00f6posteihin saman ty\u00f6p\u00e4iv\u00e4n aikana. Meid\u00e4t tavoittaa s\u00e4hk\u00f6postilla osoitteesta&nbsp;sales@nordblast.com Nordblast Oy Messinkikatu 2, 20380 turku FINLAND Y: 2196701-8\" \/>\n<meta property=\"og:url\" content=\"https:\/\/www.nordblastshop.com\/fi\/yhteystiedot\/\" \/>\n<meta property=\"og:site_name\" content=\"Nordblast Shop\" \/>\n<meta property=\"article:modified_time\" content=\"2025-10-14T08:22:10+00:00\" \/>\n<meta name=\"twitter:card\" content=\"summary_large_image\" \/>\n<meta name=\"twitter:label1\" content=\"Arvioitu lukuaika\" \/>\n\t<meta name=\"twitter:data1\" content=\"1 minuutti\" \/>\n<!-- \/ Yoast SEO plugin. -->","yoast_head_json":{"title":"Yhteystiedot - Nordblast Shop","robots":{"index":"index","follow":"follow","max-snippet":"max-snippet:-1","max-image-preview":"max-image-preview:large","max-video-preview":"max-video-preview:-1"},"canonical":"https:\/\/www.nordblastshop.com\/fi\/yhteystiedot\/","og_locale":"fi_FI","og_type":"article","og_title":"Yhteystiedot - Nordblast Shop","og_description":"Suosittelemme aina s\u00e4hk\u00f6postin k\u00e4ytt\u00f6\u00e4 yhteydenottoon &#8211; se on halvin, helpoin ja nopein tapa. Pyrimme vastaamaan kaikkiin s\u00e4hk\u00f6posteihin saman ty\u00f6p\u00e4iv\u00e4n aikana. Meid\u00e4t tavoittaa s\u00e4hk\u00f6postilla osoitteesta&nbsp;sales@nordblast.com Nordblast Oy Messinkikatu 2, 20380 turku FINLAND Y: 2196701-8","og_url":"https:\/\/www.nordblastshop.com\/fi\/yhteystiedot\/","og_site_name":"Nordblast Shop","article_modified_time":"2025-10-14T08:22:10+00:00","twitter_card":"summary_large_image","twitter_misc":{"Arvioitu lukuaika":"1 minuutti"},"schema":{"@context":"https:\/\/schema.org","@graph":[{"@type":"WebPage","@id":"https:\/\/www.nordblastshop.com\/fi\/yhteystiedot\/","url":"https:\/\/www.nordblastshop.com\/fi\/yhteystiedot\/","name":"Yhteystiedot - Nordblast Shop","isPartOf":{"@id":"https:\/\/www.nordblastshop.com\/fi\/#website"},"datePublished":"2020-03-27T09:11:02+00:00","dateModified":"2025-10-14T08:22:10+00:00","breadcrumb":{"@id":"https:\/\/www.nordblastshop.com\/fi\/yhteystiedot\/#breadcrumb"},"inLanguage":"fi","potentialAction":[{"@type":"ReadAction","target":["https:\/\/www.nordblastshop.com\/fi\/yhteystiedot\/"]}]},{"@type":"BreadcrumbList","@id":"https:\/\/www.nordblastshop.com\/fi\/yhteystiedot\/#breadcrumb","itemListElement":[{"@type":"ListItem","position":1,"name":"Home","item":"https:\/\/www.nordblastshop.com\/fi\/"},{"@type":"ListItem","position":2,"name":"Yhteystiedot"}]},{"@type":"WebSite","@id":"https:\/\/www.nordblastshop.com\/fi\/#website","url":"https:\/\/www.nordblastshop.com\/fi\/","name":"Nordblast Shop","description":"Uusi Nordblastshop-sivustot -sivusto","publisher":{"@id":"https:\/\/www.nordblastshop.com\/fi\/#organization"},"potentialAction":[{"@type":"SearchAction","target":{"@type":"EntryPoint","urlTemplate":"https:\/\/www.nordblastshop.com\/fi\/?s={search_term_string}"},"query-input":{"@type":"PropertyValueSpecification","valueRequired":true,"valueName":"search_term_string"}}],"inLanguage":"fi"},{"@type":"Organization","@id":"https:\/\/www.nordblastshop.com\/fi\/#organization","name":"Nordblast Shop","url":"https:\/\/www.nordblastshop.com\/fi\/","logo":{"@type":"ImageObject","inLanguage":"fi","@id":"https:\/\/www.nordblastshop.com\/fi\/#\/schema\/logo\/image\/","url":"https:\/\/www.nordblastshop.com\/fi\/wp-content\/uploads\/sites\/2\/2020\/03\/Nordblast-logo.png","contentUrl":"https:\/\/www.nordblastshop.com\/fi\/wp-content\/uploads\/sites\/2\/2020\/03\/Nordblast-logo.png","width":315,"height":51,"caption":"Nordblast Shop"},"image":{"@id":"https:\/\/www.nordblastshop.com\/fi\/#\/schema\/logo\/image\/"}}]}},"_links":{"self":[{"href":"https:\/\/www.nordblastshop.com\/fi\/wp-json\/wp\/v2\/pages\/104","targetHints":{"allow":["GET"]}}],"collection":[{"href":"https:\/\/www.nordblastshop.com\/fi\/wp-json\/wp\/v2\/pages"}],"about":[{"href":"https:\/\/www.nordblastshop.com\/fi\/wp-json\/wp\/v2\/types\/page"}],"author":[{"embeddable":true,"href":"https:\/\/www.nordblastshop.com\/fi\/wp-json\/wp\/v2\/users\/1"}],"replies":[{"embeddable":true,"href":"https:\/\/www.nordblastshop.com\/fi\/wp-json\/wp\/v2\/comments?post=104"}],"version-history":[{"count":2,"href":"https:\/\/www.nordblastshop.com\/fi\/wp-json\/wp\/v2\/pages\/104\/revisions"}],"predecessor-version":[{"id":471,"href":"https:\/\/www.nordblastshop.com\/fi\/wp-json\/wp\/v2\/pages\/104\/revisions\/471"}],"wp:attachment":[{"href":"https:\/\/www.nordblastshop.com\/fi\/wp-json\/wp\/v2\/media?parent=104"}],"curies":[{"name":"wp","href":"https:\/\/api.w.org\/{rel}","templated":true}]}}